{"id":27332,"date":"2023-01-18T15:52:13","date_gmt":"2023-01-18T14:52:13","guid":{"rendered":"https:\/\/football-mat.com\/product\/football-mat-travel\/"},"modified":"2025-12-16T22:12:16","modified_gmt":"2025-12-16T21:12:16","slug":"football-mat-travel","status":"publish","type":"product","link":"https:\/\/oldfootballmat.szymonkrolikowski.pl\/es\/producto\/football-mat-travel\/","title":{"rendered":"FOOTBALL MAT"},"content":{"rendered":"","protected":false},"excerpt":{"rendered":"<p><strong>FOOTBALL MAT<\/strong> &#8211; Innowacyjna mata treningowa zapewniaj\u0105ca kompleksowy rozw\u00f3j pi\u0142karza.Dzi\u0119ki codziennemu treningowi w skali roku zyskujemy 6 720 minut extra treningu.<\/p>\n<p><strong>Wymiary:<\/strong><br \/>\nD\u0142ugo\u015b\u0107: 60cm<br \/>\nSzeroko\u015b\u0107: 100cm<\/p>\n","protected":false},"featured_media":28102,"comment_status":"closed","ping_status":"closed","template":"","meta":{"_acf_changed":false},"product_cat":[234],"product_tag":[],"class_list":{"0":"post-27332","1":"product","2":"type-product","3":"status-publish","4":"has-post-thumbnail","6":"product_cat-tapete-de-entrenamiento","8":"first","9":"instock","10":"sale","11":"taxable","12":"shipping-taxable","13":"purchasable","14":"product-type-simple"},"acf":[],"_links":{"self":[{"href":"https:\/\/oldfootballmat.szymonkrolikowski.pl\/es\/wp-json\/wp\/v2\/product\/27332","targetHints":{"allow":["GET"]}}],"collection":[{"href":"https:\/\/oldfootballmat.szymonkrolikowski.pl\/es\/wp-json\/wp\/v2\/product"}],"about":[{"href":"https:\/\/oldfootballmat.szymonkrolikowski.pl\/es\/wp-json\/wp\/v2\/types\/product"}],"replies":[{"embeddable":true,"href":"https:\/\/oldfootballmat.szymonkrolikowski.pl\/es\/wp-json\/wp\/v2\/comments?post=27332"}],"wp:featuredmedia":[{"embeddable":true,"href":"https:\/\/oldfootballmat.szymonkrolikowski.pl\/es\/wp-json\/wp\/v2\/media\/28102"}],"wp:attachment":[{"href":"https:\/\/oldfootballmat.szymonkrolikowski.pl\/es\/wp-json\/wp\/v2\/media?parent=27332"}],"wp:term":[{"taxonomy":"product_cat","embeddable":true,"href":"https:\/\/oldfootballmat.szymonkrolikowski.pl\/es\/wp-json\/wp\/v2\/product_cat?post=27332"},{"taxonomy":"product_tag","embeddable":true,"href":"https:\/\/oldfootballmat.szymonkrolikowski.pl\/es\/wp-json\/wp\/v2\/product_tag?post=27332"}],"curies":[{"name":"wp","href":"https:\/\/api.w.org\/{rel}","templated":true}]}}