{"id":23894,"date":"2023-12-13T11:10:26","date_gmt":"2023-12-13T10:10:26","guid":{"rendered":"https:\/\/football-mat.com\/oferta-para-tiendas\/"},"modified":"2023-12-13T11:10:27","modified_gmt":"2023-12-13T10:10:27","slug":"oferta-para-tiendas","status":"publish","type":"page","link":"https:\/\/oldfootballmat.szymonkrolikowski.pl\/es\/oferta-para-tiendas\/","title":{"rendered":"Oferta para tiendas"},"content":{"rendered":"\t\t<div data-elementor-type=\"wp-page\" data-elementor-id=\"23894\" class=\"elementor elementor-23894 elementor-20026\" data-elementor-post-type=\"page\">\n\t\t\t\t\t\t<section class=\"elementor-section elementor-top-section elementor-element elementor-element-19c85e5 elementor-section-boxed elementor-section-height-default elementor-section-height-default\" data-id=\"19c85e5\" data-element_type=\"section\">\n\t\t\t\t\t\t<div class=\"elementor-container elementor-column-gap-default\">\n\t\t\t\t\t<div class=\"elementor-column elementor-col-25 elementor-top-column elementor-element elementor-element-49b6952\" data-id=\"49b6952\" data-element_type=\"column\">\n\t\t\t<div class=\"elementor-widget-wrap\">\n\t\t\t\t\t\t\t<\/div>\n\t\t<\/div>\n\t\t\t\t<div class=\"elementor-column elementor-col-50 elementor-top-column elementor-element elementor-element-8b32bde\" data-id=\"8b32bde\" data-element_type=\"column\">\n\t\t\t<div class=\"elementor-widget-wrap elementor-element-populated\">\n\t\t\t\t\t\t<div class=\"elementor-element elementor-element-61b20a3 elementor-widget elementor-widget-heading\" data-id=\"61b20a3\" data-element_type=\"widget\" data-widget_type=\"heading.default\">\n\t\t\t\t\t<h2 class=\"elementor-heading-title elementor-size-default\">OFERTA ESPECIAL PARA TIENDAS<\/h2>\t\t\t\t<\/div>\n\t\t\t\t<div class=\"elementor-element elementor-element-bc33121 elementor-widget elementor-widget-text-editor\" data-id=\"bc33121\" data-element_type=\"widget\" data-widget_type=\"text-editor.default\">\n\t\t\t\t\t\t\t\t\t<p dir=\"ltr\" style=\"line-height: 1.38; text-align: center; margin-top: 0pt; margin-bottom: 0pt;\">\u00a1Oferta para tiendas, comercios y socios comerciales!<\/p><p dir=\"ltr\" style=\"line-height: 1.38; text-align: center; margin-top: 0pt; margin-bottom: 0pt;\"><br>Invitamos a las tiendas online y estacionarias a cooperar con nosotros.<\/p><p dir=\"ltr\" style=\"line-height: 1.38; text-align: center; margin-top: 0pt; margin-bottom: 0pt;\"><br><\/p>\n<p dir=\"ltr\" style=\"line-height: 1.38; text-align: center; margin-top: 0pt; margin-bottom: 0pt;\">\u00a1Enriquece la oferta de tu tienda y vende la innovadora herramienta de entrenamiento FOOTBALL MAT!<\/p><p dir=\"ltr\" style=\"line-height: 1.38; text-align: center; margin-top: 0pt; margin-bottom: 0pt;\">&nbsp; <br>Escr\u00edbanos y juntos desarrollaremos la mejor forma de cooperaci\u00f3n.<\/p>\t\t\t\t\t\t\t\t<\/div>\n\t\t\t\t<div class=\"elementor-element elementor-element-32f6a4d elementor-view-framed elementor-position-left elementor-shape-circle elementor-mobile-position-top elementor-widget elementor-widget-icon-box\" data-id=\"32f6a4d\" data-element_type=\"widget\" data-widget_type=\"icon-box.default\">\n\t\t\t\t\t\t\t<div class=\"elementor-icon-box-wrapper\">\n\n\t\t\t\t\t\t<div class=\"elementor-icon-box-icon\">\n\t\t\t\t<a href=\"mailto:team@football-mat.com\" class=\"elementor-icon\" tabindex=\"-1\" aria-label=\"E-MAIL\">\n\t\t\t\t<i aria-hidden=\"true\" class=\"smartic-icon- smartic-icon-email\"><\/i>\t\t\t\t<\/a>\n\t\t\t<\/div>\n\t\t\t\n\t\t\t\t\t\t<div class=\"elementor-icon-box-content\">\n\n\t\t\t\t\t\t\t\t\t<div class=\"elementor-icon-box-title\">\n\t\t\t\t\t\t<a href=\"mailto:team@football-mat.com\" >\n\t\t\t\t\t\t\tE-MAIL\t\t\t\t\t\t<\/a>\n\t\t\t\t\t<\/div>\n\t\t\t\t\n\t\t\t\t\t\t\t\t\t<p class=\"elementor-icon-box-description\">\n\t\t\t\t\t\t<a href=\"mailto:team@football-mat.com\">team@football-mat.com<\/a>\t\t\t\t\t<\/p>\n\t\t\t\t\n\t\t\t<\/div>\n\t\t\t\n\t\t<\/div>\n\t\t\t\t\t\t<\/div>\n\t\t\t\t<div class=\"elementor-element elementor-element-9907060 elementor-view-framed elementor-position-left elementor-shape-circle elementor-mobile-position-top elementor-widget elementor-widget-icon-box\" data-id=\"9907060\" data-element_type=\"widget\" data-widget_type=\"icon-box.default\">\n\t\t\t\t\t\t\t<div class=\"elementor-icon-box-wrapper\">\n\n\t\t\t\t\t\t<div class=\"elementor-icon-box-icon\">\n\t\t\t\t<a href=\"tel:+48509765706\" class=\"elementor-icon\" tabindex=\"-1\" aria-label=\"TEL\u00c9FONO\">\n\t\t\t\t<i aria-hidden=\"true\" class=\"smartic-icon- smartic-icon-phone-4\"><\/i>\t\t\t\t<\/a>\n\t\t\t<\/div>\n\t\t\t\n\t\t\t\t\t\t<div class=\"elementor-icon-box-content\">\n\n\t\t\t\t\t\t\t\t\t<div class=\"elementor-icon-box-title\">\n\t\t\t\t\t\t<a href=\"tel:+48509765706\" >\n\t\t\t\t\t\t\tTEL\u00c9FONO\t\t\t\t\t\t<\/a>\n\t\t\t\t\t<\/div>\n\t\t\t\t\n\t\t\t\t\t\t\t\t\t<p class=\"elementor-icon-box-description\">\n\t\t\t\t\t\t<a href=\"tel:48509765706\">+48 509 765 706<\/a>\t\t\t\t\t<\/p>\n\t\t\t\t\n\t\t\t<\/div>\n\t\t\t\n\t\t<\/div>\n\t\t\t\t\t\t<\/div>\n\t\t\t\t\t<\/div>\n\t\t<\/div>\n\t\t\t\t<div class=\"elementor-column elementor-col-25 elementor-top-column elementor-element elementor-element-b24147b\" data-id=\"b24147b\" data-element_type=\"column\">\n\t\t\t<div class=\"elementor-widget-wrap\">\n\t\t\t\t\t\t\t<\/div>\n\t\t<\/div>\n\t\t\t\t\t<\/div>\n\t\t<\/section>\n\t\t\t\t<\/div>\n\t\t","protected":false},"excerpt":{"rendered":"<p>OFERTA ESPECIAL PARA TIENDAS \u00a1Oferta para tiendas, comercios y socios comerciales! Invitamos a las tiendas online y estacionarias a cooperar con nosotros. \u00a1Enriquece la oferta de tu tienda y vende la innovadora herramienta de entrenamiento FOOTBALL MAT! &nbsp; Escr\u00edbanos y juntos desarrollaremos la mejor forma de cooperaci\u00f3n. E-MAIL team@football-mat.com TEL\u00c9FONO +48 509 765 706<\/p>\n","protected":false},"author":749,"featured_media":0,"parent":0,"menu_order":0,"comment_status":"closed","ping_status":"closed","template":"","meta":{"_acf_changed":false,"footnotes":""},"class_list":["post-23894","page","type-page","status-publish","hentry"],"acf":[],"_links":{"self":[{"href":"https:\/\/oldfootballmat.szymonkrolikowski.pl\/es\/wp-json\/wp\/v2\/pages\/23894","targetHints":{"allow":["GET"]}}],"collection":[{"href":"https:\/\/oldfootballmat.szymonkrolikowski.pl\/es\/wp-json\/wp\/v2\/pages"}],"about":[{"href":"https:\/\/oldfootballmat.szymonkrolikowski.pl\/es\/wp-json\/wp\/v2\/types\/page"}],"author":[{"embeddable":true,"href":"https:\/\/oldfootballmat.szymonkrolikowski.pl\/es\/wp-json\/wp\/v2\/users\/749"}],"replies":[{"embeddable":true,"href":"https:\/\/oldfootballmat.szymonkrolikowski.pl\/es\/wp-json\/wp\/v2\/comments?post=23894"}],"version-history":[{"count":0,"href":"https:\/\/oldfootballmat.szymonkrolikowski.pl\/es\/wp-json\/wp\/v2\/pages\/23894\/revisions"}],"wp:attachment":[{"href":"https:\/\/oldfootballmat.szymonkrolikowski.pl\/es\/wp-json\/wp\/v2\/media?parent=23894"}],"curies":[{"name":"wp","href":"https:\/\/api.w.org\/{rel}","templated":true}]}}