{"id":23869,"date":"2023-12-13T10:03:22","date_gmt":"2023-12-13T09:03:22","guid":{"rendered":"https:\/\/football-mat.com\/entrega-y-pago\/"},"modified":"2024-08-19T08:43:57","modified_gmt":"2024-08-19T06:43:57","slug":"entrega-y-pago","status":"publish","type":"page","link":"https:\/\/oldfootballmat.szymonkrolikowski.pl\/es\/entrega-y-pago\/","title":{"rendered":"Entrega y pago"},"content":{"rendered":"\t\t<div data-elementor-type=\"wp-page\" data-elementor-id=\"23869\" class=\"elementor elementor-23869 elementor-19942\" data-elementor-post-type=\"page\">\n\t\t\t\t\t\t<section class=\"elementor-section elementor-top-section elementor-element elementor-element-444c96f elementor-section-boxed elementor-section-height-default elementor-section-height-default\" data-id=\"444c96f\" data-element_type=\"section\">\n\t\t\t\t\t\t<div class=\"elementor-container elementor-column-gap-default\">\n\t\t\t\t\t<div class=\"elementor-column elementor-col-100 elementor-top-column elementor-element elementor-element-29b0f3d\" data-id=\"29b0f3d\" data-element_type=\"column\">\n\t\t\t<div class=\"elementor-widget-wrap elementor-element-populated\">\n\t\t\t\t\t\t<div class=\"elementor-element elementor-element-f9e88a9 elementor-widget elementor-widget-image\" data-id=\"f9e88a9\" data-element_type=\"widget\" data-widget_type=\"image.default\">\n\t\t\t\t\t\t\t\t\t\t\t\t\t\t\t<img fetchpriority=\"high\" decoding=\"async\" width=\"980\" height=\"434\" src=\"https:\/\/oldfootballmat.szymonkrolikowski.pl\/wp-content\/uploads\/2024\/02\/platnosci_es-1024x453.webp\" class=\"attachment-large size-large wp-image-24640\" alt=\"\" srcset=\"https:\/\/oldfootballmat.szymonkrolikowski.pl\/wp-content\/uploads\/2024\/02\/platnosci_es-1024x453.webp 1024w, https:\/\/oldfootballmat.szymonkrolikowski.pl\/wp-content\/uploads\/2024\/02\/platnosci_es-300x133.webp 300w, https:\/\/oldfootballmat.szymonkrolikowski.pl\/wp-content\/uploads\/2024\/02\/platnosci_es-768x340.webp 768w, https:\/\/oldfootballmat.szymonkrolikowski.pl\/wp-content\/uploads\/2024\/02\/platnosci_es-1536x680.webp 1536w, https:\/\/oldfootballmat.szymonkrolikowski.pl\/wp-content\/uploads\/2024\/02\/platnosci_es-600x266.webp 600w, https:\/\/oldfootballmat.szymonkrolikowski.pl\/wp-content\/uploads\/2024\/02\/platnosci_es.webp 1920w\" sizes=\"(max-width: 980px) 100vw, 980px\" \/>\t\t\t\t\t\t\t\t\t\t\t\t\t\t\t<\/div>\n\t\t\t\t\t<\/div>\n\t\t<\/div>\n\t\t\t\t\t<\/div>\n\t\t<\/section>\n\t\t\t\t<section class=\"elementor-section elementor-top-section elementor-element elementor-element-7c3b484 elementor-section-boxed elementor-section-height-default elementor-section-height-default\" data-id=\"7c3b484\" data-element_type=\"section\">\n\t\t\t\t\t\t<div class=\"elementor-container elementor-column-gap-default\">\n\t\t\t\t\t<div class=\"elementor-column elementor-col-100 elementor-top-column elementor-element elementor-element-6cc9b4e\" data-id=\"6cc9b4e\" data-element_type=\"column\">\n\t\t\t<div class=\"elementor-widget-wrap elementor-element-populated\">\n\t\t\t\t\t\t<div class=\"elementor-element elementor-element-f6d6228 elementor-absolute e-transform elementor-hidden-desktop elementor-widget elementor-widget-image\" data-id=\"f6d6228\" data-element_type=\"widget\" data-settings=\"{&quot;_position&quot;:&quot;absolute&quot;,&quot;_transform_translateX_effect_mobile&quot;:{&quot;unit&quot;:&quot;%&quot;,&quot;size&quot;:0,&quot;sizes&quot;:[]},&quot;_transform_translateY_effect_mobile&quot;:{&quot;unit&quot;:&quot;px&quot;,&quot;size&quot;:70,&quot;sizes&quot;:[]},&quot;_transform_translateX_effect&quot;:{&quot;unit&quot;:&quot;px&quot;,&quot;size&quot;:&quot;&quot;,&quot;sizes&quot;:[]},&quot;_transform_translateX_effect_tablet&quot;:{&quot;unit&quot;:&quot;px&quot;,&quot;size&quot;:&quot;&quot;,&quot;sizes&quot;:[]},&quot;_transform_translateY_effect&quot;:{&quot;unit&quot;:&quot;px&quot;,&quot;size&quot;:&quot;&quot;,&quot;sizes&quot;:[]},&quot;_transform_translateY_effect_tablet&quot;:{&quot;unit&quot;:&quot;px&quot;,&quot;size&quot;:&quot;&quot;,&quot;sizes&quot;:[]}}\" data-widget_type=\"image.default\">\n\t\t\t\t\t\t\t\t\t\t\t\t\t\t\t<img decoding=\"async\" src=\"https:\/\/oldfootballmat.szymonkrolikowski.pl\/wp-content\/uploads\/elementor\/thumbs\/horizontal-scroll-r10fkgk2mkzgz61rh54y2twd7wszraxj1603po5syo.png\" title=\"horizontal-scroll\" alt=\"horizontal-scroll\" loading=\"lazy\" \/>\t\t\t\t\t\t\t\t\t\t\t\t\t\t\t<\/div>\n\t\t\t\t<div class=\"elementor-element elementor-element-f2fcfb8 elementor-widget elementor-widget-heading\" data-id=\"f2fcfb8\" data-element_type=\"widget\" data-widget_type=\"heading.default\">\n\t\t\t\t\t<h2 class=\"elementor-heading-title elementor-size-default\">Env\u00edos nacionales<\/h2>\t\t\t\t<\/div>\n\t\t\t\t<div class=\"elementor-element elementor-element-c908f9a elementor-widget elementor-widget-text-editor\" data-id=\"c908f9a\" data-element_type=\"widget\" data-widget_type=\"text-editor.default\">\n\t\t\t\t\t\t\t\t\t<div class=\"table-mobile\">\n<table style=\"width: 1120px; border: 1px solid #eef0f6; text-align: center;\">\n<thead style=\"background-color: red;\"><\/thead>\n<thead style=\"background-color: #f6f7f8;\">\n<tr>\n<td style=\"font-size: 0.875rem; color: #202428; padding: 4px; border-color: #eef0f6;\" rowspan=\"2\"><b>M\u00e9todo de env\u00edo<\/b><\/td>\n<td style=\"font-size: 0.875rem; color: #202428; padding: 4px; border-color: #eef0f6;\" rowspan=\"2\"><b>Plazo de entrega previsto<\/b><\/td>\n<td style=\"font-size: 0.875rem; color: #202428; padding: 4px; border-color: #eef0f6;\" colspan=\"2\"><b>Coste total del env\u00edo<\/b><\/td>\n<\/tr>\n<tr>\n<td style=\"font-size: 0.875rem; color: #202428; padding: 4px; border-color: #eef0f6;\"><b>Gastos de env\u00edo<\/b><\/td>\n<td style=\"font-size: 0.875rem; color: #202428; padding: 4px; border-color: #eef0f6;\"><b>Descargar<\/b><\/td>\n<\/tr>\n<\/thead>\n<tbody>\n<tr>\n<td style=\"font-size: 0.875rem; color: #202428; padding: 4px; border-color: #eef0f6;\"><img decoding=\"async\" style=\"vertical-align: middle;\" src=\"http:\/\/football-mat.com\/wp-content\/uploads\/2023\/02\/inpost-kurier.png\" alt=\"\" width=\"150px\" height=\"auto\"><\/td>\n<td style=\"font-size: 0.875rem; color: #202428; padding: 8px; border-color: #eef0f6;\">1-2 en d\u00edas laborables<\/td>\n<td style=\"font-size: 0.875rem; color: #202428; padding: 4px; border-color: #eef0f6;\">13,49 PLN<\/td>\n<td style=\"font-size: 0.875rem; color: #202428; padding: 4px; border-color: #eef0f6;\">+ 5,00 PLN<\/td>\n<\/tr>\n<tr>\n<td style=\"font-size: 0.875rem; color: #202428; padding: 4px; border-color: #eef0f6;\"><img decoding=\"async\" style=\"vertical-align: middle;\" src=\"http:\/\/football-mat.com\/wp-content\/uploads\/2023\/02\/InpostMedium.png\" alt=\"\" width=\"150px\" height=\"auto\"><\/td>\n<td style=\"font-size: 0.875rem; color: #202428; padding: 4px; border-color: #eef0f6;\">1-2 en d\u00edas laborables<\/td>\n<td style=\"font-size: 0.875rem; color: #202428; padding: 4px; border-color: #eef0f6;\">15,29 PLN<\/td>\n<td style=\"font-size: 0.875rem; color: #202428; padding: 4px; border-color: #eef0f6;\">+ 5,00 PLN<\/td>\n<\/tr>\n<tr>\n<td style=\"font-size: 0.875rem; color: #202428; padding: 4px; border-color: #eef0f6;\"><img decoding=\"async\" style=\"vertical-align: middle;\" src=\"http:\/\/football-mat.com\/wp-content\/uploads\/2023\/03\/progress-cup-logo.png\" alt=\"\" width=\"150px\" height=\"auto\">\nColecci\u00f3n personal en el torneo PROGRESS CUP<\/td>\n<td style=\"font-size: 0.875rem; color: #202428; padding: 4px; border-color: #eef0f6;\">&#8211;<\/td>\n<td style=\"font-size: 0.875rem; color: #202428; padding: 4px; border-color: #eef0f6;\">GRATIS<\/td>\n<td style=\"font-size: 0.875rem; color: #202428; padding: 4px; border-color: #eef0f6;\">GRATIS<\/td>\n<\/tr>\n<\/tbody>\n<\/table>\n<\/div>\t\t\t\t\t\t\t\t<\/div>\n\t\t\t\t\t<\/div>\n\t\t<\/div>\n\t\t\t\t\t<\/div>\n\t\t<\/section>\n\t\t\t\t<section class=\"elementor-section elementor-top-section elementor-element elementor-element-dc13551 elementor-section-boxed elementor-section-height-default elementor-section-height-default\" data-id=\"dc13551\" data-element_type=\"section\">\n\t\t\t\t\t\t<div class=\"elementor-container elementor-column-gap-default\">\n\t\t\t\t\t<div class=\"elementor-column elementor-col-100 elementor-top-column elementor-element elementor-element-f1c7abc\" data-id=\"f1c7abc\" data-element_type=\"column\">\n\t\t\t<div class=\"elementor-widget-wrap elementor-element-populated\">\n\t\t\t\t\t\t<div class=\"elementor-element elementor-element-324f543 elementor-widget elementor-widget-heading\" data-id=\"324f543\" data-element_type=\"widget\" data-widget_type=\"heading.default\">\n\t\t\t\t\t<h3 class=\"elementor-heading-title elementor-size-default\">Env\u00edos internacionales<\/h3>\t\t\t\t<\/div>\n\t\t\t\t<div class=\"elementor-element elementor-element-e969f45 elementor-widget elementor-widget-text-editor\" data-id=\"e969f45\" data-element_type=\"widget\" data-widget_type=\"text-editor.default\">\n\t\t\t\t\t\t\t\t\t<div><table style=\"width: 100%; border: 1px solid #eef0f6; text-align: center;\"><thead style=\"background-color: #f6f7f8;\"><tr><td style=\"font-size: 0.875rem; color: #202428; padding: 4px; border-color: #eef0f6;\" rowspan=\"2\"><b>M\u00e9todo de env\u00edo<\/b><\/td><td style=\"font-size: 0.875rem; color: #202428; padding: 4px; border-color: #eef0f6;\" rowspan=\"2\"><b>Tiempo estimado de entrega<\/b><\/td><td style=\"font-size: 0.875rem; color: #202428; padding: 4px; border-color: #eef0f6;\" colspan=\"1\"><b>Costo total de env\u00edo<\/b><\/td><\/tr><tr><td style=\"font-size: 0.875rem; color: #202428; padding: 4px; border-color: #eef0f6;\"><b>Costo de entrega<\/b><\/td><\/tr><\/thead><tbody><tr><td style=\"font-size: 0.875rem; color: #202428; padding: 4px; border-color: #eef0f6;\">Mensajero DPD<\/td><td style=\"font-size: 0.875rem; color: #202428; padding: 8px; border-color: #eef0f6;\">Europa (3 \u2013 5 d\u00edas h\u00e1biles)<br \/>Zona I: <span style=\"font-weight: 400;\">Austria, Belgia, Dania, Estonia, Holandia, Litwa, Luksemburg, \u0141otwa, Niemcy, Czechy, S\u0142owacja, W\u0119gry<\/span><br \/>Zona II: <span style=\"font-weight: 400;\">Bu\u0142garia, Finlandia, Francja, Hiszpania, Irlandia, Portugalia, Rumunia, S\u0142owenia, Szwecja, W\u0142ochy<\/span><br \/>Zona III: intercambio de pa\u00edses<br \/><br \/>Otros pa\u00edses: <span style=\"font-weight: 400;\">Stany Zjednoczone, <\/span><span style=\"font-weight: 400;\">Meksyk, Australia, Nowa Zelandia, Malta<\/span><\/td><td style=\"font-size: 0.875rem; color: #202428; padding: 4px; border-color: #eef0f6;\"><p><br \/>9,99 EUR<br \/>15,99 EUR<br \/>29,99 EUR<br \/><br \/><\/p><p>desde 39,99 EUR<\/p><\/td><\/tr><tr><td style=\"font-size: 0.875rem; color: #202428; padding: 4px; border-color: #eef0f6;\">Mensajero FedEx<\/td><td style=\"font-size: 0.875rem; color: #202428; padding: 8px; border-color: #eef0f6;\">Reino Unido (5 &#8211; 7 d\u00edas h\u00e1biles)<br \/>Am\u00e9rica del Norte (5 \u2013 10 d\u00edas h\u00e1biles)<br \/>Am\u00e9rica del Sur (5 \u2013 10 d\u00edas h\u00e1biles)<br \/>Australia (5 \u2013 10 d\u00edas h\u00e1biles)<\/td><td style=\"font-size: 0.875rem; color: #202428; padding: 4px; border-color: #eef0f6;\">29,99 EUR<br \/>39,99 EUR<br \/>49,99 EUR<br \/>49,99 EUR<\/td><\/tr><\/tbody><\/table><\/div>\t\t\t\t\t\t\t\t<\/div>\n\t\t\t\t<div class=\"elementor-element elementor-element-3d3b635 elementor-widget elementor-widget-text-editor\" data-id=\"3d3b635\" data-element_type=\"widget\" data-widget_type=\"text-editor.default\">\n\t\t\t\t\t\t\t\t\t<div>\n<table style=\"width: 1120px; border: 1px solid #eef0f6; text-align: center;\">\n<tbody>\n<tr>\n<td style=\"font-size: 0.875rem; color: #202428; padding: 4px; border-color: #eef0f6; width:19.8%;\">&#8212;<\/td>\n<td style=\"font-size: 0.875rem; color: #202428; padding: 8px; border-color: #eef0f6; width: 55.35%;\">&#8212;-<\/td>\n<td style=\"font-size: 0.875rem; color: #202428; padding: 4px; border-color: #eef0f6;\">&#8212;<\/td>\n<\/tr>\n<\/tbody>\n<\/table>\n<\/div>\t\t\t\t\t\t\t\t<\/div>\n\t\t\t\t<div class=\"elementor-element elementor-element-abf4576 elementor-absolute e-transform elementor-hidden-desktop elementor-widget elementor-widget-image\" data-id=\"abf4576\" data-element_type=\"widget\" data-settings=\"{&quot;_position&quot;:&quot;absolute&quot;,&quot;_transform_translateX_effect_mobile&quot;:{&quot;unit&quot;:&quot;%&quot;,&quot;size&quot;:0,&quot;sizes&quot;:[]},&quot;_transform_translateY_effect_mobile&quot;:{&quot;unit&quot;:&quot;px&quot;,&quot;size&quot;:70,&quot;sizes&quot;:[]},&quot;_transform_translateX_effect&quot;:{&quot;unit&quot;:&quot;px&quot;,&quot;size&quot;:&quot;&quot;,&quot;sizes&quot;:[]},&quot;_transform_translateX_effect_tablet&quot;:{&quot;unit&quot;:&quot;px&quot;,&quot;size&quot;:&quot;&quot;,&quot;sizes&quot;:[]},&quot;_transform_translateY_effect&quot;:{&quot;unit&quot;:&quot;px&quot;,&quot;size&quot;:&quot;&quot;,&quot;sizes&quot;:[]},&quot;_transform_translateY_effect_tablet&quot;:{&quot;unit&quot;:&quot;px&quot;,&quot;size&quot;:&quot;&quot;,&quot;sizes&quot;:[]}}\" data-widget_type=\"image.default\">\n\t\t\t\t\t\t\t\t\t\t\t\t\t\t\t<img decoding=\"async\" src=\"https:\/\/oldfootballmat.szymonkrolikowski.pl\/wp-content\/uploads\/elementor\/thumbs\/horizontal-scroll-r10fkgk2mkzgz61rh54y2twd7wszraxj1603po5syo.png\" title=\"horizontal-scroll\" alt=\"horizontal-scroll\" loading=\"lazy\" \/>\t\t\t\t\t\t\t\t\t\t\t\t\t\t\t<\/div>\n\t\t\t\t\t<\/div>\n\t\t<\/div>\n\t\t\t\t\t<\/div>\n\t\t<\/section>\n\t\t\t\t<\/div>\n\t\t","protected":false},"excerpt":{"rendered":"<p>Env\u00edos nacionales M\u00e9todo de env\u00edo Plazo de entrega previsto Coste total del env\u00edo Gastos de env\u00edo Descargar 1-2 en d\u00edas laborables 13,49 PLN + 5,00 PLN 1-2 en d\u00edas laborables 15,29 PLN + 5,00 PLN Colecci\u00f3n personal en el torneo PROGRESS CUP &#8211; GRATIS GRATIS Env\u00edos internacionales M\u00e9todo de env\u00edo Tiempo estimado de entrega Costo [&hellip;]<\/p>\n","protected":false},"author":749,"featured_media":0,"parent":0,"menu_order":0,"comment_status":"closed","ping_status":"closed","template":"","meta":{"_acf_changed":false,"footnotes":""},"class_list":["post-23869","page","type-page","status-publish","hentry"],"acf":[],"_links":{"self":[{"href":"https:\/\/oldfootballmat.szymonkrolikowski.pl\/es\/wp-json\/wp\/v2\/pages\/23869","targetHints":{"allow":["GET"]}}],"collection":[{"href":"https:\/\/oldfootballmat.szymonkrolikowski.pl\/es\/wp-json\/wp\/v2\/pages"}],"about":[{"href":"https:\/\/oldfootballmat.szymonkrolikowski.pl\/es\/wp-json\/wp\/v2\/types\/page"}],"author":[{"embeddable":true,"href":"https:\/\/oldfootballmat.szymonkrolikowski.pl\/es\/wp-json\/wp\/v2\/users\/749"}],"replies":[{"embeddable":true,"href":"https:\/\/oldfootballmat.szymonkrolikowski.pl\/es\/wp-json\/wp\/v2\/comments?post=23869"}],"version-history":[{"count":0,"href":"https:\/\/oldfootballmat.szymonkrolikowski.pl\/es\/wp-json\/wp\/v2\/pages\/23869\/revisions"}],"wp:attachment":[{"href":"https:\/\/oldfootballmat.szymonkrolikowski.pl\/es\/wp-json\/wp\/v2\/media?parent=23869"}],"curies":[{"name":"wp","href":"https:\/\/api.w.org\/{rel}","templated":true}]}}