{"id":21867,"date":"2023-04-27T10:27:38","date_gmt":"2023-04-27T08:27:38","guid":{"rendered":"https:\/\/football-mat.com\/quienes-somos\/"},"modified":"2024-03-19T16:56:06","modified_gmt":"2024-03-19T15:56:06","slug":"quienes-somos","status":"publish","type":"page","link":"https:\/\/oldfootballmat.szymonkrolikowski.pl\/es\/quienes-somos\/","title":{"rendered":"Qui\u00e9nes somos"},"content":{"rendered":"\t\t<div data-elementor-type=\"wp-page\" data-elementor-id=\"21867\" class=\"elementor elementor-21867 elementor-1833\" data-elementor-post-type=\"page\">\n\t\t\t\t\t\t<section class=\"elementor-section elementor-top-section elementor-element elementor-element-1a5cbcb elementor-section-boxed elementor-section-height-default elementor-section-height-default\" data-id=\"1a5cbcb\" data-element_type=\"section\">\n\t\t\t\t\t\t<div class=\"elementor-container elementor-column-gap-default\">\n\t\t\t\t\t<div class=\"elementor-column elementor-col-50 elementor-top-column elementor-element elementor-element-32a952a\" data-id=\"32a952a\" data-element_type=\"column\">\n\t\t\t<div class=\"elementor-widget-wrap elementor-element-populated\">\n\t\t\t\t\t\t<div class=\"elementor-element elementor-element-2a804fa elementor-widget elementor-widget-heading\" data-id=\"2a804fa\" data-element_type=\"widget\" data-widget_type=\"heading.default\">\n\t\t\t\t\t<h2 class=\"elementor-heading-title elementor-size-default\"><span class=\"text-orange\">#Formaci\u00f3nDeFuturosMaestros<\/span><\/h2>\t\t\t\t<\/div>\n\t\t\t\t<div class=\"elementor-element elementor-element-6195303 elementor-widget elementor-widget-text-editor\" data-id=\"6195303\" data-element_type=\"widget\" data-widget_type=\"text-editor.default\">\n\t\t\t\t\t\t\t\t\t<p><b>FOOTBALL MAT<\/b> es una innovadora <b>alfombrilla de entrenamiento que proporciona un desarrollo integral del jugador de f\u00fatbol y una base de datos en constante crecimiento de v\u00eddeos de entrenamiento<\/b> creados para profesionales y aficionados, ni\u00f1os y adultos.<\/p>\n<p><span style=\"color: var( --e-global-color-text ); font-family: var( --e-global-typography-text-font-family ), Sans-serif; background-color: var(--background);\"><b>El juego limpio es un principio que hemos tomado del terreno de juego<\/b><\/span><span style=\"color: var( --e-global-color-text ); font-family: var( --e-global-typography-text-font-family ), Sans-serif; font-weight: var( --e-global-typography-text-font-weight ); background-color: var(--background);\">  &#8211; Cada uno de nuestros clientes y socios es tratado con el m\u00e1ximo cuidado y compromiso. Cada d\u00eda, nuestro equipo garantiza el desarrollo de la comunidad \u00fanica de FOOTBALL MAT, \u00a1que incluye a futuras estrellas mundiales!<\/span><\/p>\t\t\t\t\t\t\t\t<\/div>\n\t\t\t\t\t<\/div>\n\t\t<\/div>\n\t\t\t\t<div class=\"elementor-column elementor-col-50 elementor-top-column elementor-element elementor-element-7e7ba05\" data-id=\"7e7ba05\" data-element_type=\"column\">\n\t\t\t<div class=\"elementor-widget-wrap elementor-element-populated\">\n\t\t\t\t\t\t<div class=\"elementor-element elementor-element-33b8fba elementor-widget elementor-widget-image\" data-id=\"33b8fba\" data-element_type=\"widget\" data-widget_type=\"image.default\">\n\t\t\t\t\t\t\t\t\t\t\t\t\t\t\t<img fetchpriority=\"high\" decoding=\"async\" width=\"640\" height=\"592\" src=\"https:\/\/oldfootballmat.szymonkrolikowski.pl\/wp-content\/uploads\/2023\/02\/football-mat-1b.webp\" class=\"attachment-large size-large wp-image-21299\" alt=\"\" srcset=\"https:\/\/oldfootballmat.szymonkrolikowski.pl\/wp-content\/uploads\/2023\/02\/football-mat-1b.webp 640w, https:\/\/oldfootballmat.szymonkrolikowski.pl\/wp-content\/uploads\/2023\/02\/football-mat-1b-300x278.webp 300w, https:\/\/oldfootballmat.szymonkrolikowski.pl\/wp-content\/uploads\/2023\/02\/football-mat-1b-600x555.webp 600w\" sizes=\"(max-width: 640px) 100vw, 640px\" \/>\t\t\t\t\t\t\t\t\t\t\t\t\t\t\t<\/div>\n\t\t\t\t\t<\/div>\n\t\t<\/div>\n\t\t\t\t\t<\/div>\n\t\t<\/section>\n\t\t\t\t<section class=\"elementor-section elementor-top-section elementor-element elementor-element-82fb213 elementor-section-boxed elementor-section-height-default elementor-section-height-default\" data-id=\"82fb213\" data-element_type=\"section\">\n\t\t\t\t\t\t<div class=\"elementor-container elementor-column-gap-default\">\n\t\t\t\t\t<div class=\"elementor-column elementor-col-100 elementor-top-column elementor-element elementor-element-6a44871\" data-id=\"6a44871\" data-element_type=\"column\">\n\t\t\t<div class=\"elementor-widget-wrap elementor-element-populated\">\n\t\t\t\t\t\t<div class=\"elementor-element elementor-element-96c4ebf elementor-widget elementor-widget-text-editor\" data-id=\"96c4ebf\" data-element_type=\"widget\" data-widget_type=\"text-editor.default\">\n\t\t\t\t\t\t\t\t\t<p><span style=\"background-color: var(--background); color: var( --e-global-color-text ); font-family: var( --e-global-typography-text-font-family ), Sans-serif; font-size: 1.618em; font-weight: bold;\">\u00bfC\u00f3mo se cre\u00f3 la herramienta de los futuros campeones?&nbsp;<\/span><\/p>\n<p><span style=\"color: rgb(15, 15, 15); font-family: S\u00f6hne, ui-sans-serif, system-ui, -apple-system, \"Segoe UI\", Roboto, Ubuntu, Cantarell, \"Noto Sans\", sans-serif, \"Helvetica Neue\", Arial, \"Apple Color Emoji\", \"Segoe UI Emoji\", \"Segoe UI Symbol\", \"Noto Color Emoji\"; orphans: 2; white-space: pre-wrap; widows: 2; background-color: var(--background);\">Nuestra historia comienza en el campo de f\u00fatbol, \u200b\u200bdonde, como jugador activo, experiment\u00e9 una falta de herramientas que permitieran un entrenamiento individual eficaz. Esta necesidad se convirti\u00f3 en la semilla de la innovaci\u00f3n que brot\u00f3 cuando termin\u00e9 mi carrera futbol\u00edstica y me convert\u00ed en Entrenador de Preparaci\u00f3n Motora. La combinaci\u00f3n de un profundo conocimiento sobre el f\u00fatbol y t\u00e9cnicas avanzadas de entrenamiento dio como resultado nuestra colchoneta de entrenamiento, una herramienta \u00fanica que revoluciona el entrenamiento individual y permite a los jugadores desarrollar sus habilidades incluso en casa. Creada por la pasi\u00f3n por el deporte y el deseo de mejorar todos los aspectos del juego, nuestra colchoneta no es s\u00f3lo un equipo de entrenamiento, sino la clave para descubrir todo el potencial de cada futbolista.<\/span><\/p>\n<p><b>El entrenamiento individual de f\u00fatbol nunca ha sido tan f\u00e1cil<\/b>  Al fin y al cabo, \u00ab\u00a1formamos a futuros campeones!<\/p>\t\t\t\t\t\t\t\t<\/div>\n\t\t\t\t<div class=\"elementor-element elementor-element-7a6a1db elementor-widget elementor-widget-spacer\" data-id=\"7a6a1db\" data-element_type=\"widget\" data-widget_type=\"spacer.default\">\n\t\t\t\t\t\t\t<div class=\"elementor-spacer\">\n\t\t\t<div class=\"elementor-spacer-inner\"><\/div>\n\t\t<\/div>\n\t\t\t\t\t\t<\/div>\n\t\t\t\t\t<\/div>\n\t\t<\/div>\n\t\t\t\t\t<\/div>\n\t\t<\/section>\n\t\t\t\t<section class=\"elementor-section elementor-top-section elementor-element elementor-element-f3a78ed elementor-section-boxed elementor-section-height-default elementor-section-height-default\" data-id=\"f3a78ed\" data-element_type=\"section\">\n\t\t\t\t\t\t<div class=\"elementor-container elementor-column-gap-default\">\n\t\t\t\t\t<div class=\"elementor-column elementor-col-100 elementor-top-column elementor-element elementor-element-cec91c8\" data-id=\"cec91c8\" data-element_type=\"column\">\n\t\t\t<div class=\"elementor-widget-wrap elementor-element-populated\">\n\t\t\t\t\t\t<div class=\"elementor-element elementor-element-412042f elementor-widget elementor-widget-text-editor\" data-id=\"412042f\" data-element_type=\"widget\" data-widget_type=\"text-editor.default\">\n\t\t\t\t\t\t\t\t\t<p><span style=\"background-color: var(--background); color: var( --e-global-color-text ); font-family: var( --e-global-typography-text-font-family ), Sans-serif; font-size: 1.618em; font-weight: bold;\">LOS CAMPEONES NACEN EN EL SILENCIO&#8230;<br \/><\/span><\/p>\n\t\t\t\t\t\t\t\t<\/div>\n\t\t\t\t<div class=\"elementor-element elementor-element-f4a408d elementor-widget elementor-widget-video\" data-id=\"f4a408d\" data-element_type=\"widget\" data-settings=\"{&quot;youtube_url&quot;:&quot;https:\\\/\\\/youtu.be\\\/g2wN9FH-AuE?si=Z9O00nPjVIPtuUWy&quot;,&quot;autoplay&quot;:&quot;yes&quot;,&quot;mute&quot;:&quot;yes&quot;,&quot;video_type&quot;:&quot;youtube&quot;,&quot;controls&quot;:&quot;yes&quot;}\" data-widget_type=\"video.default\">\n\t\t\t\t\t\t\t<div class=\"elementor-wrapper elementor-open-inline\">\n\t\t\t<div class=\"elementor-video\"><\/div>\t\t<\/div>\n\t\t\t\t\t\t<\/div>\n\t\t\t\t\t<\/div>\n\t\t<\/div>\n\t\t\t\t\t<\/div>\n\t\t<\/section>\n\t\t\t\t<div class=\"elementor-section elementor-top-section elementor-element elementor-element-9c85946 elementor-section-stretched elementor-section-boxed elementor-section-height-default elementor-section-height-default\" data-id=\"9c85946\" data-element_type=\"section\" data-settings=\"{&quot;stretch_section&quot;:&quot;section-stretched&quot;}\">\n\t\t\t\t\t\t<div class=\"elementor-container elementor-column-gap-no\">\n\t\t\t\t\t<div class=\"elementor-column elementor-col-100 elementor-top-column elementor-element elementor-element-0abd5fc\" data-id=\"0abd5fc\" data-element_type=\"column\">\n\t\t\t<div class=\"elementor-widget-wrap elementor-element-populated\">\n\t\t\t\t\t\t<div class=\"elementor-element elementor-element-fe0502d elementor-widget-divider--view-line elementor-widget elementor-widget-divider\" data-id=\"fe0502d\" data-element_type=\"widget\" data-widget_type=\"divider.default\">\n\t\t\t\t\t\t\t<div class=\"elementor-divider\">\n\t\t\t<span class=\"elementor-divider-separator\">\n\t\t\t\t\t\t<\/span>\n\t\t<\/div>\n\t\t\t\t\t\t<\/div>\n\t\t\t\t\t<\/div>\n\t\t<\/div>\n\t\t\t\t\t<\/div>\n\t\t<\/div>\n\t\t\t\t<\/div>\n\t\t","protected":false},"excerpt":{"rendered":"<p>#Formaci\u00f3nDeFuturosMaestros FOOTBALL MAT es una innovadora alfombrilla de entrenamiento que proporciona un desarrollo integral del jugador de f\u00fatbol y una base de datos en constante crecimiento de v\u00eddeos de entrenamiento creados para profesionales y aficionados, ni\u00f1os y adultos. El juego limpio es un principio que hemos tomado del terreno de juego &#8211; Cada uno de [&hellip;]<\/p>\n","protected":false},"author":749,"featured_media":0,"parent":0,"menu_order":0,"comment_status":"closed","ping_status":"closed","template":"elementor_header_footer","meta":{"_acf_changed":false,"footnotes":""},"class_list":["post-21867","page","type-page","status-publish","hentry"],"acf":[],"_links":{"self":[{"href":"https:\/\/oldfootballmat.szymonkrolikowski.pl\/es\/wp-json\/wp\/v2\/pages\/21867","targetHints":{"allow":["GET"]}}],"collection":[{"href":"https:\/\/oldfootballmat.szymonkrolikowski.pl\/es\/wp-json\/wp\/v2\/pages"}],"about":[{"href":"https:\/\/oldfootballmat.szymonkrolikowski.pl\/es\/wp-json\/wp\/v2\/types\/page"}],"author":[{"embeddable":true,"href":"https:\/\/oldfootballmat.szymonkrolikowski.pl\/es\/wp-json\/wp\/v2\/users\/749"}],"replies":[{"embeddable":true,"href":"https:\/\/oldfootballmat.szymonkrolikowski.pl\/es\/wp-json\/wp\/v2\/comments?post=21867"}],"version-history":[{"count":0,"href":"https:\/\/oldfootballmat.szymonkrolikowski.pl\/es\/wp-json\/wp\/v2\/pages\/21867\/revisions"}],"wp:attachment":[{"href":"https:\/\/oldfootballmat.szymonkrolikowski.pl\/es\/wp-json\/wp\/v2\/media?parent=21867"}],"curies":[{"name":"wp","href":"https:\/\/api.w.org\/{rel}","templated":true}]}}