{"id":21801,"date":"2023-04-27T10:19:41","date_gmt":"2023-04-27T08:19:41","guid":{"rendered":"https:\/\/football-mat.com\/politica-de-privacidad\/"},"modified":"2023-04-27T10:19:42","modified_gmt":"2023-04-27T08:19:42","slug":"politica-de-privacidad","status":"publish","type":"page","link":"https:\/\/oldfootballmat.szymonkrolikowski.pl\/es\/politica-de-privacidad\/","title":{"rendered":"Pol\u00edtica de privacidad"},"content":{"rendered":"\n<p class=\"has-text-align-center\"><strong>\u00a71. Controlador de datos personales<\/strong><\/p>\n\n<ol class=\"wp-block-list\">\n<li>El responsable del tratamiento de datos personales en el sentido del Art. 4(7) del Reglamento (UE) 2016\/679 del Parlamento Europeo y del Consejo, de &#8230; 27.04.2016 r. relativa a la protecci\u00f3n de las personas f\u00edsicas en lo que respecta al tratamiento de datos personales y a la libre circulaci\u00f3n de estos datos y a la derogaci\u00f3n de la Directiva 95\/46\/CE (RODO) es Anetta Majchrzak, que opera con el nombre de PROGRESS Sports &amp; Entertainment Anetta Majchrzak en ul. Malinowa 40, 97-330 Barkowice, NIP: 7711264518, REGON: 590573730.<\/li>\n\n\n\n<li>Direcci\u00f3n de correo electr\u00f3nico del responsable del tratamiento: sklep@football-mat.com.<\/li>\n\n\n\n<li>El administrador en virtud del art. 32(2). 1 RODO respetar\u00e1 el principio de protecci\u00f3n de datos personales y adoptar\u00e1 las medidas t\u00e9cnicas y organizativas adecuadas para evitar la destrucci\u00f3n accidental o il\u00edcita, la p\u00e9rdida, la modificaci\u00f3n, la difusi\u00f3n no autorizada o el acceso no autorizado a los datos personales tratados en el marco de sus actividades.<\/li>\n\n\n\n<li>El suministro de datos personales por parte del cliente es voluntario, pero necesario para celebrar un contrato con el responsable del tratamiento.<\/li>\n\n\n\n<li>El responsable del tratamiento trata los datos personales en la medida necesaria para la ejecuci\u00f3n de un contrato o la prestaci\u00f3n de servicios al interesado.<\/li>\n<\/ol>\n\n<p class=\"has-text-align-center\"><strong>\u00a72. Finalidad y motivos del tratamiento de datos personales<\/strong><\/p>\n\n<p>El responsable del tratamiento trata los datos personales para los siguientes fines:<br\/>(a) la preparaci\u00f3n de una oferta comercial en respuesta al inter\u00e9s de un cliente, que es un inter\u00e9s leg\u00edtimo del responsable del tratamiento (art\u00edculo 6, apartado 1, letra f) del RDO);<br\/>(b) la celebraci\u00f3n y ejecuci\u00f3n de contratos de venta con clientes, sobre la base del contrato celebrado (art\u00edculo 6, apartado 1, letra b) RODO);<br\/>(c) la prestaci\u00f3n de servicios por v\u00eda electr\u00f3nica a trav\u00e9s de la Tienda Online, sobre la base del contrato celebrado (Art\u00edculo 6(1)(b) RODO);<br\/>d) la tramitaci\u00f3n del proceso de reclamaciones, sobre la base de una obligaci\u00f3n que incumbe al responsable del tratamiento en relaci\u00f3n con la legislaci\u00f3n aplicable (art\u00edculo 6, apartado 1, letra c), de la DPA);<br\/>e) contabilidad relacionada con la emisi\u00f3n y aceptaci\u00f3n de documentos de facturaci\u00f3n, sobre la base de la legislaci\u00f3n fiscal (art\u00edculo 6, apartado 1, letra c), de la DPA);<br\/>f) archivo de datos para el posible establecimiento, investigaci\u00f3n o defensa frente a reclamaciones o la necesidad de probar hechos, lo que constituye un inter\u00e9s leg\u00edtimo del responsable del tratamiento (art\u00edculo 6, apartado 1, letra f) del RDO);<br\/>(g) contacto por tel\u00e9fono o correo electr\u00f3nico, en particular en respuesta a consultas formuladas al responsable del tratamiento, lo que constituye un inter\u00e9s leg\u00edtimo del responsable del tratamiento (art\u00edculo 6, apartado 1, letra f), de la APD);<br\/>h) enviar informaci\u00f3n t\u00e9cnica sobre el funcionamiento de la Tienda Online y los servicios utilizados por el cliente, lo que constituye un inter\u00e9s leg\u00edtimo del responsable del tratamiento (art\u00edculo 6, apartado 1, letra f) RODO);<br\/>i) comercializaci\u00f3n, que es su inter\u00e9s leg\u00edtimo (art. 6(1)(f) RODO) o se basa en un consentimiento concedido previamente (art. 6(1)(a) RODO).<\/p>\n\n<p class=\"has-text-align-center\"><strong>\u00a73. Destinatarios de los datos. Transferencias de datos a terceros pa\u00edses<\/strong><\/p>\n\n<ol class=\"wp-block-list\">\n<li>Los destinatarios de los datos personales tratados por el responsable del tratamiento podr\u00e1n ser entidades que cooperen con el responsable del tratamiento cuando ello sea necesario para la ejecuci\u00f3n de un contrato celebrado con el interesado.<\/li>\n\n\n\n<li>Los destinatarios de los datos personales tratados por el responsable del tratamiento tambi\u00e9n pueden ser subcontratistas, es decir, entidades cuyos servicios utiliza el responsable del tratamiento para el tratamiento de datos, por ejemplo, oficinas de contabilidad, bufetes de abogados, proveedores de servicios inform\u00e1ticos (incluidos los servicios de alojamiento).<\/li>\n\n\n\n<li>El responsable del tratamiento puede estar obligado a facilitar datos personales en virtud de la legislaci\u00f3n aplicable, en particular para poner los datos personales a disposici\u00f3n de las autoridades o instituciones estatales autorizadas.<\/li>\n\n\n\n<li>Los datos personales relacionados con el uso por parte del administrador de herramientas de an\u00e1lisis y seguimiento del tr\u00e1fico del sitio web pueden transferirse a una entidad con sede fuera del Espacio Econ\u00f3mico Europeo, como Google LLC. Como medida adecuada de protecci\u00f3n de datos, el responsable del tratamiento ha aceptado las cl\u00e1usulas contractuales tipo de conformidad con el art. 46 RODO con los proveedores de estos servicios. M\u00e1s informaci\u00f3n aqu\u00ed: <a href=\"https:\/\/commission.europa.eu\/law\/law-topic\/data-protection_en\" target=\"_blank\" rel=\"noreferrer noopener\">https:\/\/commission.europa.eu\/law\/law-topic\/data-protection_en.<\/a><\/li>\n<\/ol>\n\n<p class=\"has-text-align-center\"><strong>\u00a74. Per\u00edodo de conservaci\u00f3n de los datos personales<\/strong><\/p>\n\n<ol class=\"wp-block-list\">\n<li>El responsable del tratamiento conservar\u00e1 los datos personales mientras dure el contrato celebrado con el interesado y despu\u00e9s de su terminaci\u00f3n a efectos de hacer valer reclamaciones relacionadas con el contrato, cumplir las obligaciones derivadas de la legislaci\u00f3n aplicable, pero durante un plazo que no exceder\u00e1 del plazo de prescripci\u00f3n previsto en las disposiciones del C\u00f3digo Civil.<\/li>\n\n\n\n<li>El responsable del tratamiento conservar\u00e1 los datos personales contenidos en los documentos de liquidaci\u00f3n durante el plazo indicado por las disposiciones de la Ley del Impuesto sobre el Valor A\u00f1adido y la Ley de Contabilidad.<\/li>\n\n\n\n<li>El responsable del tratamiento conservar\u00e1 los datos personales tratados con fines de marketing durante un periodo de 10 a\u00f1os, pero no m\u00e1s hasta que usted retire su consentimiento al tratamiento o se oponga al mismo.<\/li>\n\n\n\n<li>El responsable del tratamiento almacenar\u00e1 los datos personales para fines distintos de los indicados en el apartado 1. 1 a 3 durante un periodo de un a\u00f1o, salvo que se haya retirado el consentimiento previo al tratamiento y \u00e9ste no pueda continuar sobre otra base que no sea el consentimiento del interesado.<\/li>\n<\/ol>\n\n<p class=\"has-text-align-center\"><strong>\u00a75. Derechos del interesado<\/strong><\/p>\n\n<ol class=\"wp-block-list\">\n<li>Todo interesado tiene derecho:<br\/>(a) Acceso: obtener del responsable del tratamiento confirmaci\u00f3n de si se est\u00e1n tratando o no sus datos personales. Si se tratan datos sobre una persona, \u00e9sta tiene derecho a acceder y obtener la siguiente informaci\u00f3n: los fines del tratamiento, las categor\u00edas de datos personales, informaci\u00f3n sobre los destinatarios o categor\u00edas de destinatarios a los que se han comunicado o se comunicar\u00e1n los datos, la duraci\u00f3n de la conservaci\u00f3n de los datos o los criterios para determinarla, el derecho del interesado a solicitar la rectificaci\u00f3n, supresi\u00f3n o limitaci\u00f3n del tratamiento de datos personales y a oponerse a dicho tratamiento (art\u00edculo 15 RODO);<br\/>(b) obtener una copia de los datos &#8211; obtener una copia de los datos objeto de tratamiento, siendo gratuita la primera copia y pudiendo el responsable del tratamiento cobrar por las copias posteriores una tasa razonable basada en los costes administrativos (art\u00edculo 15(3) RODO);<br\/>(c) a la rectificaci\u00f3n: a solicitar la rectificaci\u00f3n de los datos personales que le conciernan y que sean inexactos, o que se completen los datos incompletos (art\u00edculo 16 RODO);<br\/>(d) a la supresi\u00f3n &#8211; a solicitar la supresi\u00f3n de sus datos personales cuando el responsable del tratamiento ya no tenga base jur\u00eddica para el tratamiento o los datos ya no sean necesarios para los fines del tratamiento (art\u00edculo 17 RODO);<br\/>(e) restringir el tratamiento &#8211; solicitar la restricci\u00f3n del tratamiento de datos personales (art\u00edculo 18 RODO) cuando:<\/li>\n<\/ol>\n\n<ul class=\"wp-block-list\">\n<li>el interesado cuestiona la exactitud de los datos personales, durante un periodo que permita al responsable del tratamiento verificar la exactitud de los datos,<\/li>\n\n\n\n<li>el tratamiento es il\u00edcito y el interesado se opone a la supresi\u00f3n solicitando la limitaci\u00f3n de su uso,<\/li>\n\n\n\n<li>el responsable del tratamiento ya no necesita los datos, pero el interesado los necesita para establecer, hacer valer o defender una reclamaci\u00f3n,<\/li>\n\n\n\n<li>el interesado se haya opuesto al tratamiento, hasta que se determine si los motivos leg\u00edtimos del responsable del tratamiento prevalecen sobre los motivos de la oposici\u00f3n del interesado;<br\/>(f) a la portabilidad de los datos: a recibir en un formato estructurado, de uso com\u00fan y lectura mec\u00e1nica los datos personales que le conciernan y que haya facilitado al responsable del tratamiento, y a solicitar que dichos datos se env\u00eden a otro responsable del tratamiento cuando los datos se traten sobre la base del consentimiento del interesado o de un contrato con \u00e9l y cuando los datos se traten por medios automatizados (art\u00edculo 20 RODO);<br\/>(g) oponerse: oponerse al tratamiento de sus datos personales para fines leg\u00edtimos del responsable del tratamiento por motivos relacionados con su situaci\u00f3n particular, incluida la elaboraci\u00f3n de perfiles. A continuaci\u00f3n, el responsable del tratamiento evaluar\u00e1 la existencia de motivos leg\u00edtimos imperiosos para el tratamiento que prevalezcan sobre los intereses, los derechos y las libertades de los interesados, o motivos para el reconocimiento, el ejercicio o la defensa de reclamaciones. Si, seg\u00fan la evaluaci\u00f3n, los intereses del interesado prevalecen sobre los intereses del responsable del tratamiento, \u00e9ste estar\u00e1 obligado a dejar de tratar los datos para esos fines (art\u00edculo 21 RODO).<\/li>\n<\/ul>\n\n<ol class=\"wp-block-list\">\n<li>Para ejercer los derechos mencionados, el interesado deber\u00e1 ponerse en contacto, utilizando los datos de contacto facilitados, con el responsable del tratamiento e informarle de qu\u00e9 derecho y en qu\u00e9 medida desea ejercerlo.<\/li>\n\n\n\n<li>El interesado tiene derecho a presentar una reclamaci\u00f3n ante la autoridad de control, que es el Presidente de la Oficina de Protecci\u00f3n de Datos Personales de Varsovia.<\/li>\n<\/ol>\n\n<p class=\"has-text-align-center\"><strong>\u00a76. Perfil<\/strong><\/p>\n\n<ol class=\"wp-block-list\">\n<li>Los datos personales obtenidos por el responsable del tratamiento pueden tratarse por medios automatizados, incluida la elaboraci\u00f3n de perfiles. La elaboraci\u00f3n de perfiles de datos personales llevada a cabo por el responsable del tratamiento consiste en evaluar informaci\u00f3n seleccionada sobre el interesado con el fin de analizar y prever preferencias e intereses personales, en particular para la posibilidad de proporcionar al interesado una oferta personalizada.<\/li>\n\n\n\n<li>El tratamiento automatizado de datos realizado por el responsable del tratamiento no produce efectos jur\u00eddicos para el interesado. El interesado podr\u00e1 oponerse en cualquier momento al tratamiento automatizado de sus datos.<\/li>\n<\/ol>\n\n<p class=\"has-text-align-center\"><strong>\u00a77. Google Analytics<\/strong><\/p>\n\n<ol class=\"wp-block-list\">\n<li>El administrador utiliza Google Analytics, un servicio anal\u00edtico de web prestado por Google Inc. con sede en EE.UU.<\/li>\n\n\n\n<li>Google Analytics utiliza cookies para analizar su uso del sitio web. La informaci\u00f3n que genera la cookie acerca de su uso del website es directamente transmitida y archivada por Google en los servidores. A petici\u00f3n del Administrador, Google utilizar\u00e1 esta informaci\u00f3n para analizar el uso del sitio web por parte de los usuarios con el fin de elaborar informes sobre la actividad del sitio web y prestar otros servicios relacionados con el uso del sitio web y de Internet a la entidad solicitante.<\/li>\n\n\n\n<li>Los datos no se utilizar\u00e1n para identificar a ninguna persona.<\/li>\n\n\n\n<li>El usuario puede impedir el almacenamiento de cookies mediante la correspondiente configuraci\u00f3n del navegador; sin embargo, en este caso, el usuario no podr\u00e1 utilizar todas las funciones del sitio web. Adem\u00e1s, el usuario puede impedir la recopilaci\u00f3n por parte de Google de los datos generados por la cookie y relativos a su uso del sitio web (incluida su direcci\u00f3n IP), as\u00ed como el tratamiento de estos datos por parte de Google, descargando e instalando el complemento del navegador disponible en el siguiente enlace: <a href=\"https:\/\/tools.google.com\/dlpage\/gaoptout?hl=pl\" target=\"_blank\" rel=\"noreferrer noopener\">https:\/\/tools.google.com\/dlpage\/gaoptout?hl=pl.<\/a><\/li>\n\n\n\n<li>En cualquier momento, el usuario puede oponerse a la recopilaci\u00f3n y al tratamiento de los datos relacionados con el uso del sitio web de Google descargando e instalando un complemento del navegador, que est\u00e1 disponible en la siguiente direcci\u00f3n: <a href=\"https:\/\/tools.google.com\/dlpage\/gaoptout?hl=en\" target=\"_blank\" rel=\"noreferrer noopener\">https:\/\/tools.google.com\/dlpage\/gaoptout?hl=en.<\/a><\/li>\n<\/ol>\n","protected":false},"excerpt":{"rendered":"<p>\u00a71. Controlador de datos personales \u00a72. Finalidad y motivos del tratamiento de datos personales El responsable del tratamiento trata los datos personales para los siguientes fines:(a) la preparaci\u00f3n de una oferta comercial en respuesta al inter\u00e9s de un cliente, que es un inter\u00e9s leg\u00edtimo del responsable del tratamiento (art\u00edculo 6, apartado 1, letra f) del [&hellip;]<\/p>\n","protected":false},"author":749,"featured_media":0,"parent":0,"menu_order":0,"comment_status":"closed","ping_status":"closed","template":"","meta":{"_acf_changed":false,"footnotes":""},"class_list":["post-21801","page","type-page","status-publish","hentry"],"acf":[],"_links":{"self":[{"href":"https:\/\/oldfootballmat.szymonkrolikowski.pl\/es\/wp-json\/wp\/v2\/pages\/21801","targetHints":{"allow":["GET"]}}],"collection":[{"href":"https:\/\/oldfootballmat.szymonkrolikowski.pl\/es\/wp-json\/wp\/v2\/pages"}],"about":[{"href":"https:\/\/oldfootballmat.szymonkrolikowski.pl\/es\/wp-json\/wp\/v2\/types\/page"}],"author":[{"embeddable":true,"href":"https:\/\/oldfootballmat.szymonkrolikowski.pl\/es\/wp-json\/wp\/v2\/users\/749"}],"replies":[{"embeddable":true,"href":"https:\/\/oldfootballmat.szymonkrolikowski.pl\/es\/wp-json\/wp\/v2\/comments?post=21801"}],"version-history":[{"count":0,"href":"https:\/\/oldfootballmat.szymonkrolikowski.pl\/es\/wp-json\/wp\/v2\/pages\/21801\/revisions"}],"wp:attachment":[{"href":"https:\/\/oldfootballmat.szymonkrolikowski.pl\/es\/wp-json\/wp\/v2\/media?parent=21801"}],"curies":[{"name":"wp","href":"https:\/\/api.w.org\/{rel}","templated":true}]}}