{"id":27476,"date":"2024-07-18T14:25:26","date_gmt":"2024-07-18T12:25:26","guid":{"rendered":"https:\/\/football-mat.com\/sponsoring\/"},"modified":"2025-04-10T14:39:47","modified_gmt":"2025-04-10T12:39:47","slug":"sponsorship","status":"publish","type":"page","link":"https:\/\/oldfootballmat.szymonkrolikowski.pl\/en\/sponsorship\/","title":{"rendered":"Sponsorship"},"content":{"rendered":"\t\t<div data-elementor-type=\"wp-page\" data-elementor-id=\"27476\" class=\"elementor elementor-27476 elementor-25761\" data-elementor-post-type=\"page\">\n\t\t\t\t\t\t<section class=\"elementor-section elementor-top-section elementor-element elementor-element-285f879 elementor-section-content-middle elementor-section-stretched elementor-hidden-mobile elementor-section-boxed elementor-section-height-default elementor-section-height-default\" data-id=\"285f879\" data-element_type=\"section\" data-settings=\"{&quot;background_background&quot;:&quot;classic&quot;,&quot;stretch_section&quot;:&quot;section-stretched&quot;}\">\n\t\t\t\t\t\t\t<div class=\"elementor-background-overlay\"><\/div>\n\t\t\t\t\t\t\t<div class=\"elementor-container elementor-column-gap-narrow\">\n\t\t\t\t\t<div class=\"elementor-column elementor-col-50 elementor-top-column elementor-element elementor-element-dc15ac0\" data-id=\"dc15ac0\" data-element_type=\"column\">\n\t\t\t<div class=\"elementor-widget-wrap elementor-element-populated\">\n\t\t\t\t\t\t<div class=\"elementor-element elementor-element-1b685b1 elementor-widget elementor-widget-heading\" data-id=\"1b685b1\" data-element_type=\"widget\" data-widget_type=\"heading.default\">\n\t\t\t\t\t<h2 class=\"elementor-heading-title elementor-size-default\">#<span style=\"color:#000\">Train<\/span>YourDreams\n<\/h2>\t\t\t\t<\/div>\n\t\t\t\t<div class=\"elementor-element elementor-element-19293a8 elementor-widget elementor-widget-spacer\" data-id=\"19293a8\" data-element_type=\"widget\" data-widget_type=\"spacer.default\">\n\t\t\t\t\t\t\t<div class=\"elementor-spacer\">\n\t\t\t<div class=\"elementor-spacer-inner\"><\/div>\n\t\t<\/div>\n\t\t\t\t\t\t<\/div>\n\t\t\t\t<div class=\"elementor-element elementor-element-8d5ec0a elementor-widget elementor-widget-text-editor\" data-id=\"8d5ec0a\" data-element_type=\"widget\" data-widget_type=\"text-editor.default\">\n\t\t\t\t\t\t\t\t\t<p><b>We are a company that understands the power of children&#8217;s dreams. We support young athletes who raise the bar every day and consistently achieve their goals. Business and sports are about great responsibility\u2014being someone who inspires others to grow. We believe that the right support for young, aware, and ambitious athletes will allow them to fully realize their football potential. Young and talented athletes can count on our support\u2014be it in terms of knowledge, material resources, or financial assistance.<\/b><\/p>\t\t\t\t\t\t\t\t<\/div>\n\t\t\t\t<div class=\"elementor-element elementor-element-8736fa9 elementor-widget elementor-widget-heading\" data-id=\"8736fa9\" data-element_type=\"widget\" data-widget_type=\"heading.default\">\n\t\t\t\t\t<h5 class=\"elementor-heading-title elementor-size-default\">Fill out the sponsorship application:\n<\/h5>\t\t\t\t<\/div>\n\t\t\t\t<section class=\"elementor-section elementor-inner-section elementor-element elementor-element-8216dbc elementor-section-boxed elementor-section-height-default elementor-section-height-default\" data-id=\"8216dbc\" data-element_type=\"section\">\n\t\t\t\t\t\t<div class=\"elementor-container elementor-column-gap-default\">\n\t\t\t\t\t<div class=\"elementor-column elementor-col-33 elementor-inner-column elementor-element elementor-element-42ea93f\" data-id=\"42ea93f\" data-element_type=\"column\">\n\t\t\t<div class=\"elementor-widget-wrap elementor-element-populated\">\n\t\t\t\t\t\t<div class=\"elementor-element elementor-element-4d40717 elementor-widget elementor-widget-button\" data-id=\"4d40717\" data-element_type=\"widget\" data-widget_type=\"button.default\">\n\t\t\t\t\t\t\t\t\t\t<a class=\"elementor-button elementor-button-link elementor-size-sm\" href=\"https:\/\/forms.gle\/C8BvhgXU3DVfE4hC6\">\n\t\t\t\t\t\t<span class=\"elementor-button-content-wrapper\">\n\t\t\t\t\t\t\t\t\t<span class=\"elementor-button-text\">Athlete<\/span>\n\t\t\t\t\t<\/span>\n\t\t\t\t\t<\/a>\n\t\t\t\t\t\t\t\t<\/div>\n\t\t\t\t\t<\/div>\n\t\t<\/div>\n\t\t\t\t<div class=\"elementor-column elementor-col-33 elementor-inner-column elementor-element elementor-element-828b9ce\" data-id=\"828b9ce\" data-element_type=\"column\">\n\t\t\t<div class=\"elementor-widget-wrap elementor-element-populated\">\n\t\t\t\t\t\t<div class=\"elementor-element elementor-element-043e078 elementor-align-center elementor-widget elementor-widget-button\" data-id=\"043e078\" data-element_type=\"widget\" data-widget_type=\"button.default\">\n\t\t\t\t\t\t\t\t\t\t<a class=\"elementor-button elementor-button-link elementor-size-sm\" href=\"https:\/\/forms.gle\/o82iWh6kJfM5ttWL7\">\n\t\t\t\t\t\t<span class=\"elementor-button-content-wrapper\">\n\t\t\t\t\t\t\t\t\t<span class=\"elementor-button-text\">Club<\/span>\n\t\t\t\t\t<\/span>\n\t\t\t\t\t<\/a>\n\t\t\t\t\t\t\t\t<\/div>\n\t\t\t\t\t<\/div>\n\t\t<\/div>\n\t\t\t\t<div class=\"elementor-column elementor-col-33 elementor-inner-column elementor-element elementor-element-a62a9e0\" data-id=\"a62a9e0\" data-element_type=\"column\">\n\t\t\t<div class=\"elementor-widget-wrap elementor-element-populated\">\n\t\t\t\t\t\t<div class=\"elementor-element elementor-element-c2b0ec4 elementor-align-left elementor-widget elementor-widget-button\" data-id=\"c2b0ec4\" data-element_type=\"widget\" data-widget_type=\"button.default\">\n\t\t\t\t\t\t\t\t\t\t<a class=\"elementor-button elementor-button-link elementor-size-sm\" href=\"https:\/\/oldfootballmat.szymonkrolikowski.pl\/wp-content\/uploads\/2024\/08\/Regulamin_Sponsoring.pdf\" target=\"_blank\">\n\t\t\t\t\t\t<span class=\"elementor-button-content-wrapper\">\n\t\t\t\t\t\t\t\t\t<span class=\"elementor-button-text\">Regulations<\/span>\n\t\t\t\t\t<\/span>\n\t\t\t\t\t<\/a>\n\t\t\t\t\t\t\t\t<\/div>\n\t\t\t\t\t<\/div>\n\t\t<\/div>\n\t\t\t\t\t<\/div>\n\t\t<\/section>\n\t\t\t\t\t<\/div>\n\t\t<\/div>\n\t\t\t\t<div class=\"elementor-column elementor-col-50 elementor-top-column elementor-element elementor-element-5baca76\" data-id=\"5baca76\" data-element_type=\"column\">\n\t\t\t<div class=\"elementor-widget-wrap elementor-element-populated\">\n\t\t\t\t\t\t<div class=\"elementor-element elementor-element-b5aa2e3 elementor-widget elementor-widget-image\" data-id=\"b5aa2e3\" data-element_type=\"widget\" data-widget_type=\"image.default\">\n\t\t\t\t\t\t\t\t\t\t\t\t\t\t\t<img fetchpriority=\"high\" decoding=\"async\" width=\"980\" height=\"653\" src=\"https:\/\/oldfootballmat.szymonkrolikowski.pl\/wp-content\/uploads\/2024\/07\/progresscup28_1605-1024x682.jpg\" class=\"attachment-large size-large wp-image-25787\" alt=\"\" srcset=\"https:\/\/oldfootballmat.szymonkrolikowski.pl\/wp-content\/uploads\/2024\/07\/progresscup28_1605-1024x682.jpg 1024w, https:\/\/oldfootballmat.szymonkrolikowski.pl\/wp-content\/uploads\/2024\/07\/progresscup28_1605-300x200.jpg 300w, https:\/\/oldfootballmat.szymonkrolikowski.pl\/wp-content\/uploads\/2024\/07\/progresscup28_1605-768x511.jpg 768w, https:\/\/oldfootballmat.szymonkrolikowski.pl\/wp-content\/uploads\/2024\/07\/progresscup28_1605-1536x1022.jpg 1536w, https:\/\/oldfootballmat.szymonkrolikowski.pl\/wp-content\/uploads\/2024\/07\/progresscup28_1605-600x399.jpg 600w, https:\/\/oldfootballmat.szymonkrolikowski.pl\/wp-content\/uploads\/2024\/07\/progresscup28_1605.jpg 2048w\" sizes=\"(max-width: 980px) 100vw, 980px\" \/>\t\t\t\t\t\t\t\t\t\t\t\t\t\t\t<\/div>\n\t\t\t\t\t<\/div>\n\t\t<\/div>\n\t\t\t\t\t<\/div>\n\t\t<\/section>\n\t\t\t\t<section class=\"elementor-section elementor-top-section elementor-element elementor-element-a346ea4 elementor-section-content-middle elementor-section-stretched elementor-hidden-desktop elementor-section-boxed elementor-section-height-default elementor-section-height-default\" data-id=\"a346ea4\" data-element_type=\"section\" data-settings=\"{&quot;background_background&quot;:&quot;classic&quot;,&quot;stretch_section&quot;:&quot;section-stretched&quot;}\">\n\t\t\t\t\t\t\t<div class=\"elementor-background-overlay\"><\/div>\n\t\t\t\t\t\t\t<div class=\"elementor-container elementor-column-gap-narrow\">\n\t\t\t\t\t<div class=\"elementor-column elementor-col-100 elementor-top-column elementor-element elementor-element-ac43a1c\" data-id=\"ac43a1c\" data-element_type=\"column\">\n\t\t\t<div class=\"elementor-widget-wrap elementor-element-populated\">\n\t\t\t\t\t\t<div class=\"elementor-element elementor-element-cabc458 elementor-widget elementor-widget-heading\" data-id=\"cabc458\" data-element_type=\"widget\" data-widget_type=\"heading.default\">\n\t\t\t\t\t<h2 class=\"elementor-heading-title elementor-size-default\">#<span style=\"color:#000\">Wytrenuj<\/span>Marzenia\n<\/h2>\t\t\t\t<\/div>\n\t\t\t\t<div class=\"elementor-element elementor-element-3cc0457 elementor-widget elementor-widget-image\" data-id=\"3cc0457\" data-element_type=\"widget\" data-widget_type=\"image.default\">\n\t\t\t\t\t\t\t\t\t\t\t\t\t\t\t<img fetchpriority=\"high\" decoding=\"async\" width=\"980\" height=\"653\" src=\"https:\/\/oldfootballmat.szymonkrolikowski.pl\/wp-content\/uploads\/2024\/07\/progresscup28_1605-1024x682.jpg\" class=\"attachment-large size-large wp-image-25787\" alt=\"\" srcset=\"https:\/\/oldfootballmat.szymonkrolikowski.pl\/wp-content\/uploads\/2024\/07\/progresscup28_1605-1024x682.jpg 1024w, https:\/\/oldfootballmat.szymonkrolikowski.pl\/wp-content\/uploads\/2024\/07\/progresscup28_1605-300x200.jpg 300w, https:\/\/oldfootballmat.szymonkrolikowski.pl\/wp-content\/uploads\/2024\/07\/progresscup28_1605-768x511.jpg 768w, https:\/\/oldfootballmat.szymonkrolikowski.pl\/wp-content\/uploads\/2024\/07\/progresscup28_1605-1536x1022.jpg 1536w, https:\/\/oldfootballmat.szymonkrolikowski.pl\/wp-content\/uploads\/2024\/07\/progresscup28_1605-600x399.jpg 600w, https:\/\/oldfootballmat.szymonkrolikowski.pl\/wp-content\/uploads\/2024\/07\/progresscup28_1605.jpg 2048w\" sizes=\"(max-width: 980px) 100vw, 980px\" \/>\t\t\t\t\t\t\t\t\t\t\t\t\t\t\t<\/div>\n\t\t\t\t<div class=\"elementor-element elementor-element-af360ed elementor-widget elementor-widget-text-editor\" data-id=\"af360ed\" data-element_type=\"widget\" data-widget_type=\"text-editor.default\">\n\t\t\t\t\t\t\t\t\t<span style=\"font-weight: 400;\">Tworzymy firm\u0119, kt\u00f3ra zna si\u0142\u0119 dzieci\u0119cych<br>\nmarze\u0144. Wspieramy m\u0142odych sportowc\u00f3w,<br>\nkt\u00f3rzy ka\u017cdego dnia podnosz\u0105 poprzeczk\u0119<br>\ni konsekwentnie realizuj\u0105 swoje cele.<br>\nBiznes i sport to przede wszystkim<br>\nogromna odpowiedzialno\u015b\u0107 &#8211; by\u0107 osob\u0105,<br>\nkt\u00f3ra inspiruje innych do rozwoju.<br>\nWierzymy, \u017ce odpowiednie wsparcie \u015bwiadomych<br>\ni posiadaj\u0105cych aspiracje m\u0142odych zawodnik\u00f3w<br>\nsprawi, \u017ce w pe\u0142ni odkryj\u0105 sw\u00f3j pi\u0142karski potencja\u0142.<br>\nM\u0142odzi i zdolni sportowcy mog\u0105 liczy\u0107 na nasze wsparcie merytoryczne, materialne i finansowe.<\/span>\t\t\t\t\t\t\t\t<\/div>\n\t\t\t\t<div class=\"elementor-element elementor-element-2a36a31 elementor-widget elementor-widget-heading\" data-id=\"2a36a31\" data-element_type=\"widget\" data-widget_type=\"heading.default\">\n\t\t\t\t\t<h5 class=\"elementor-heading-title elementor-size-default\">Wype\u0142nij wniosek o sponsoring:\n<\/h5>\t\t\t\t<\/div>\n\t\t\t\t<section class=\"elementor-section elementor-inner-section elementor-element elementor-element-547d7da elementor-section-boxed elementor-section-height-default elementor-section-height-default\" data-id=\"547d7da\" data-element_type=\"section\">\n\t\t\t\t\t\t<div class=\"elementor-container elementor-column-gap-default\">\n\t\t\t\t\t<div class=\"elementor-column elementor-col-50 elementor-inner-column elementor-element elementor-element-4048ac7\" data-id=\"4048ac7\" data-element_type=\"column\">\n\t\t\t<div class=\"elementor-widget-wrap elementor-element-populated\">\n\t\t\t\t\t\t<div class=\"elementor-element elementor-element-3127644 elementor-widget elementor-widget-button\" data-id=\"3127644\" data-element_type=\"widget\" data-widget_type=\"button.default\">\n\t\t\t\t\t\t\t\t\t\t<a class=\"elementor-button elementor-button-link elementor-size-sm\" href=\"https:\/\/forms.gle\/C8BvhgXU3DVfE4hC6\">\n\t\t\t\t\t\t<span class=\"elementor-button-content-wrapper\">\n\t\t\t\t\t\t\t\t\t<span class=\"elementor-button-text\">Zawodnik\/zawodniczka<\/span>\n\t\t\t\t\t<\/span>\n\t\t\t\t\t<\/a>\n\t\t\t\t\t\t\t\t<\/div>\n\t\t\t\t\t<\/div>\n\t\t<\/div>\n\t\t\t\t<div class=\"elementor-column elementor-col-50 elementor-inner-column elementor-element elementor-element-f24e0d0\" data-id=\"f24e0d0\" data-element_type=\"column\">\n\t\t\t<div class=\"elementor-widget-wrap elementor-element-populated\">\n\t\t\t\t\t\t<div class=\"elementor-element elementor-element-f5e27a6 elementor-widget elementor-widget-button\" data-id=\"f5e27a6\" data-element_type=\"widget\" data-widget_type=\"button.default\">\n\t\t\t\t\t\t\t\t\t\t<a class=\"elementor-button elementor-button-link elementor-size-sm\" href=\"https:\/\/forms.gle\/o82iWh6kJfM5ttWL7\">\n\t\t\t\t\t\t<span class=\"elementor-button-content-wrapper\">\n\t\t\t\t\t\t\t\t\t<span class=\"elementor-button-text\">Klub<\/span>\n\t\t\t\t\t<\/span>\n\t\t\t\t\t<\/a>\n\t\t\t\t\t\t\t\t<\/div>\n\t\t\t\t\t<\/div>\n\t\t<\/div>\n\t\t\t\t\t<\/div>\n\t\t<\/section>\n\t\t\t\t\t<\/div>\n\t\t<\/div>\n\t\t\t\t\t<\/div>\n\t\t<\/section>\n\t\t\t\t<section class=\"elementor-section elementor-top-section elementor-element elementor-element-aa6dcd5 elementor-section-boxed elementor-section-height-default elementor-section-height-default\" data-id=\"aa6dcd5\" data-element_type=\"section\">\n\t\t\t\t\t\t<div class=\"elementor-container elementor-column-gap-default\">\n\t\t\t\t\t<div class=\"elementor-column elementor-col-100 elementor-top-column elementor-element elementor-element-6b2a5b6\" data-id=\"6b2a5b6\" data-element_type=\"column\">\n\t\t\t<div class=\"elementor-widget-wrap elementor-element-populated\">\n\t\t\t\t\t\t<div class=\"elementor-element elementor-element-4846c79 elementor-widget elementor-widget-heading\" data-id=\"4846c79\" data-element_type=\"widget\" data-widget_type=\"heading.default\">\n\t\t\t\t\t<h2 class=\"elementor-heading-title elementor-size-default\">Check out who we support:\n<\/h2>\t\t\t\t<\/div>\n\t\t\t\t<div class=\"elementor-element elementor-element-d6405ae elementor-widget elementor-widget-spacer\" data-id=\"d6405ae\" data-element_type=\"widget\" data-widget_type=\"spacer.default\">\n\t\t\t\t\t\t\t<div class=\"elementor-spacer\">\n\t\t\t<div class=\"elementor-spacer-inner\"><\/div>\n\t\t<\/div>\n\t\t\t\t\t\t<\/div>\n\t\t\t\t<div class=\"elementor-element elementor-element-cb5c656 elementor-widget elementor-widget-heading\" data-id=\"cb5c656\" data-element_type=\"widget\" data-widget_type=\"heading.default\">\n\t\t\t\t\t<h4 class=\"elementor-heading-title elementor-size-default\">Athlete<\/h4>\t\t\t\t<\/div>\n\t\t\t\t<div class=\"elementor-element elementor-element-4836324 elementor-widget elementor-widget-text-editor\" data-id=\"4836324\" data-element_type=\"widget\" data-widget_type=\"text-editor.default\">\n\t\t\t\t\t\t\t\t\t<div class=\"unique-slider zaw\">\n\n    <div class=\"slide\">\n        <div class=\"img-wrap\">ju\u017c wkr\u00f3tce!<\/div>\n        <div class=\"text\">ju\u017c wkr\u00f3tce!<\/div>\n    <\/div>\n\n    <div class=\"slide\">\n        <div class=\"img-wrap\">ju\u017c wkr\u00f3tce!<\/div>\n        <div class=\"text\">ju\u017c wkr\u00f3tce!<\/div>\n    <\/div>\n\n    <div class=\"slide\">\n        <div class=\"img-wrap\">ju\u017c wkr\u00f3tce!<\/div>\n        <div class=\"text\">ju\u017c wkr\u00f3tce!<\/div>\n    <\/div>\n\n    <div class=\"slide\">\n        <div class=\"img-wrap\">ju\u017c wkr\u00f3tce!<\/div>\n        <div class=\"text\">ju\u017c wkr\u00f3tce!<\/div>\n    <\/div>\n\n    <div class=\"slide\">\n        <div class=\"img-wrap\">ju\u017c wkr\u00f3tce!<\/div>\n        <div class=\"text\">ju\u017c wkr\u00f3tce!<\/div>\n    <\/div>\n\n<\/div>\n<script type=\"text\/javascript\" src=\"https:\/\/cdn.jsdelivr.net\/npm\/slick-carousel@1.8.1\/slick\/slick.min.js\"><\/script>\t\t\t\t\t\t\t\t<\/div>\n\t\t\t\t<div class=\"elementor-element elementor-element-04827f5 elementor-widget elementor-widget-heading\" data-id=\"04827f5\" data-element_type=\"widget\" data-widget_type=\"heading.default\">\n\t\t\t\t\t<h4 class=\"elementor-heading-title elementor-size-default\">Club<\/h4>\t\t\t\t<\/div>\n\t\t\t\t<div class=\"elementor-element elementor-element-e802b3c elementor-widget elementor-widget-text-editor\" data-id=\"e802b3c\" data-element_type=\"widget\" data-widget_type=\"text-editor.default\">\n\t\t\t\t\t\t\t\t\t<div class=\"unique-slider zaw\">\n\n    <div class=\"slide\">\n        <div class=\"img-wrap\">ju\u017c wkr\u00f3tce!<\/div>\n        <div class=\"text\">ju\u017c wkr\u00f3tce!<\/div>\n    <\/div>\n\n    <div class=\"slide\">\n        <div class=\"img-wrap\">ju\u017c wkr\u00f3tce!<\/div>\n        <div class=\"text\">ju\u017c wkr\u00f3tce!<\/div>\n    <\/div>\n\n    <div class=\"slide\">\n        <div class=\"img-wrap\">ju\u017c wkr\u00f3tce!<\/div>\n        <div class=\"text\">ju\u017c wkr\u00f3tce!<\/div>\n    <\/div>\n\n    <div class=\"slide\">\n        <div class=\"img-wrap\">ju\u017c wkr\u00f3tce!<\/div>\n        <div class=\"text\">ju\u017c wkr\u00f3tce!<\/div>\n    <\/div>\n\n    <div class=\"slide\">\n        <div class=\"img-wrap\">ju\u017c wkr\u00f3tce!<\/div>\n        <div class=\"text\">ju\u017c wkr\u00f3tce!<\/div>\n    <\/div>\n\n<\/div>\n<script type=\"text\/javascript\" src=\"https:\/\/cdn.jsdelivr.net\/npm\/slick-carousel@1.8.1\/slick\/slick.min.js\"><\/script>\t\t\t\t\t\t\t\t<\/div>\n\t\t\t\t\t<\/div>\n\t\t<\/div>\n\t\t\t\t\t<\/div>\n\t\t<\/section>\n\t\t\t\t<\/div>\n\t\t","protected":false},"excerpt":{"rendered":"<p>#TrainYourDreams We are a company that understands the power of children&#8217;s dreams. We support young athletes who raise the bar every day and consistently achieve their goals. Business and sports are about great responsibility\u2014being someone who inspires others to grow. We believe that the right support for young, aware, and ambitious athletes will allow them [&hellip;]<\/p>\n","protected":false},"author":749,"featured_media":0,"parent":0,"menu_order":0,"comment_status":"closed","ping_status":"closed","template":"elementor_header_footer","meta":{"_acf_changed":false,"footnotes":""},"class_list":["post-27476","page","type-page","status-publish","hentry"],"acf":[],"_links":{"self":[{"href":"https:\/\/oldfootballmat.szymonkrolikowski.pl\/en\/wp-json\/wp\/v2\/pages\/27476","targetHints":{"allow":["GET"]}}],"collection":[{"href":"https:\/\/oldfootballmat.szymonkrolikowski.pl\/en\/wp-json\/wp\/v2\/pages"}],"about":[{"href":"https:\/\/oldfootballmat.szymonkrolikowski.pl\/en\/wp-json\/wp\/v2\/types\/page"}],"author":[{"embeddable":true,"href":"https:\/\/oldfootballmat.szymonkrolikowski.pl\/en\/wp-json\/wp\/v2\/users\/749"}],"replies":[{"embeddable":true,"href":"https:\/\/oldfootballmat.szymonkrolikowski.pl\/en\/wp-json\/wp\/v2\/comments?post=27476"}],"version-history":[{"count":4,"href":"https:\/\/oldfootballmat.szymonkrolikowski.pl\/en\/wp-json\/wp\/v2\/pages\/27476\/revisions"}],"predecessor-version":[{"id":27480,"href":"https:\/\/oldfootballmat.szymonkrolikowski.pl\/en\/wp-json\/wp\/v2\/pages\/27476\/revisions\/27480"}],"wp:attachment":[{"href":"https:\/\/oldfootballmat.szymonkrolikowski.pl\/en\/wp-json\/wp\/v2\/media?parent=27476"}],"curies":[{"name":"wp","href":"https:\/\/api.w.org\/{rel}","templated":true}]}}