{"id":28083,"date":"2025-12-14T11:35:06","date_gmt":"2025-12-14T10:35:06","guid":{"rendered":"https:\/\/football-mat.com\/?post_type=product&#038;p=28083"},"modified":"2025-12-14T12:16:16","modified_gmt":"2025-12-14T11:16:16","slug":"football-mat-premium","status":"publish","type":"product","link":"https:\/\/oldfootballmat.szymonkrolikowski.pl\/de\/produkt\/football-mat-premium\/","title":{"rendered":"FOOTBALL MAT Premium"},"content":{"rendered":"<div class=\"elementor-element elementor-element-71739818 elementor-widget elementor-widget-heading\" data-id=\"71739818\" data-element_type=\"widget\" data-widget_type=\"heading.default\">\n<h2 class=\"elementor-heading-title elementor-size-default\">Co Twoje dziecko zyska, dzi\u0119ki treningom z FOOTBALL MAT Premium?<\/h2>\n<\/div>\n<div class=\"elementor-element elementor-element-148dbf72 elementor-widget elementor-widget-text-editor\" data-id=\"148dbf72\" data-element_type=\"widget\" data-widget_type=\"text-editor.default\">\n<p><img decoding=\"async\" class=\"emoji\" role=\"img\" draggable=\"false\" src=\"https:\/\/s.w.org\/images\/core\/emoji\/17.0.2\/svg\/1f3af.svg\" alt=\"\ud83c\udfaf\" \/>\u00a0Kontrola pi\u0142ki<br \/>\nPrecyzyjne przyj\u0119cie, pewne zatrzymania, lepsze panowanie nad pi\u0142k\u0105 w ka\u017cdej sytuacji meczowej.<\/p>\n<\/div>\n<div class=\"elementor-element elementor-element-57851b92 elementor-widget elementor-widget-text-editor\" data-id=\"57851b92\" data-element_type=\"widget\" data-widget_type=\"text-editor.default\"><img decoding=\"async\" class=\"emoji\" role=\"img\" draggable=\"false\" src=\"https:\/\/s.w.org\/images\/core\/emoji\/17.0.2\/svg\/26a1.svg\" alt=\"\u26a1\" \/>\u00a0Drybling<br \/>\nSzybkie zmiany kierunku i nieprzewidywalne ruchy zostawiaj\u0105ce przeciwnika w tyle.<\/div>\n<div class=\"elementor-element elementor-element-508bab39 elementor-widget elementor-widget-text-editor\" data-id=\"508bab39\" data-element_type=\"widget\" data-widget_type=\"text-editor.default\"><img decoding=\"async\" class=\"emoji\" role=\"img\" draggable=\"false\" src=\"https:\/\/s.w.org\/images\/core\/emoji\/17.0.2\/svg\/1f9b5.svg\" alt=\"\ud83e\uddb5\" \/>\u00a0Gra s\u0142absz\u0105 nog\u0105<br \/>\nPraca obu n\u00f3g to podstawa! FOOTBALL MAT wymusza trening s\u0142absz\u0105 nog\u0105, dzi\u0119ki czemu Twoje dziecko staje si\u0119 kompletnym pi\u0142karzem.<\/div>\n<div class=\"elementor-element elementor-element-7c9a1207 elementor-widget elementor-widget-text-editor\" data-id=\"7c9a1207\" data-element_type=\"widget\" data-widget_type=\"text-editor.default\"><img decoding=\"async\" class=\"emoji\" role=\"img\" draggable=\"false\" src=\"https:\/\/s.w.org\/images\/core\/emoji\/17.0.2\/svg\/1f504.svg\" alt=\"\ud83d\udd04\" \/>\u00a0Koordynacja i zwinno\u015b\u0107<br \/>\nLepsza praca n\u00f3g i\u00a0 szybsze ruchy na boisku<\/div>\n<div class=\"elementor-element elementor-element-9c1f14c elementor-widget elementor-widget-text-editor\" data-id=\"9c1f14c\" data-element_type=\"widget\" data-widget_type=\"text-editor.default\"><img decoding=\"async\" class=\"emoji\" role=\"img\" draggable=\"false\" src=\"https:\/\/s.w.org\/images\/core\/emoji\/17.0.2\/svg\/23f1.svg\" alt=\"\u23f1\ufe0f\" \/>\u00a0Szybko\u015b\u0107 i reakcja<br \/>\nDynamiczne \u0107wiczenia rozwijaj\u0105 refleks, dzi\u0119ki czemu Twoje dziecko b\u0119dzie pierwsze przy pi\u0142ce.<\/div>\n<div class=\"elementor-element elementor-element-23337a3 elementor-widget elementor-widget-text-editor\" data-id=\"23337a3\" data-element_type=\"widget\" data-widget_type=\"text-editor.default\"><img decoding=\"async\" class=\"emoji\" role=\"img\" draggable=\"false\" src=\"https:\/\/s.w.org\/images\/core\/emoji\/17.0.2\/svg\/1f4aa.svg\" alt=\"\ud83d\udcaa\" \/>\u00a0Pewno\u015b\u0107 siebie<br \/>\nRegularne treningi buduj\u0105 umiej\u0119tno\u015bci i pewno\u015b\u0107 siebie, wiedz\u0105c, \u017ce jeste\u015b gotowy na wszystko.<\/div>\n<div data-id=\"23337a3\" data-element_type=\"widget\" data-widget_type=\"text-editor.default\"><\/div>\n<div data-id=\"23337a3\" data-element_type=\"widget\" data-widget_type=\"text-editor.default\">\n<div class=\"elementor-element elementor-element-c96d428 elementor-widget elementor-widget-heading\" data-id=\"c96d428\" data-element_type=\"widget\" data-widget_type=\"heading.default\">\n<h2 class=\"elementor-heading-title elementor-size-default\">Dlaczego warto wybra\u0107 FOOTBALL MAT Premium?<\/h2>\n<\/div>\n<div class=\"elementor-element elementor-element-c8c6d89 elementor-widget elementor-widget-text-editor\" data-id=\"c8c6d89\" data-element_type=\"widget\" data-widget_type=\"text-editor.default\">\n<p><img decoding=\"async\" class=\"emoji\" role=\"img\" draggable=\"false\" src=\"https:\/\/s.w.org\/images\/core\/emoji\/17.0.2\/svg\/1f3c6.svg\" alt=\"\ud83c\udfc6\" \/>\u00a0Dla ambitnych zawodnik\u00f3w<br \/>\nPremium to Tw\u00f3j wyb\u00f3r, je\u015bli chcesz maksymalnej satysfakcji podczas wykonywania zwod\u00f3w i dynamicznych \u0107wicze\u0144.<\/p>\n<\/div>\n<div class=\"elementor-element elementor-element-f6e3b7e elementor-widget elementor-widget-text-editor\" data-id=\"f6e3b7e\" data-element_type=\"widget\" data-widget_type=\"text-editor.default\"><img decoding=\"async\" class=\"emoji\" role=\"img\" draggable=\"false\" src=\"https:\/\/s.w.org\/images\/core\/emoji\/17.0.2\/svg\/1f392.svg\" alt=\"\ud83c\udf92\" \/>\u00a0Dla mobilnych pi\u0142karzy<br \/>\nTrenujesz w klubie, w domu, na obozie? Chcesz mie\u0107 mat\u0119 zawsze ze sob\u0105? FOOTBALL MAT Premium \u0142atwo zmie\u015bci si\u0119 w torbie sportowej Twojego dziecka i b\u0119dzie gotowa do u\u017cycia w ka\u017cdym miejscu.<\/div>\n<div class=\"elementor-element elementor-element-2b876a3 elementor-widget elementor-widget-text-editor\" data-id=\"2b876a3\" data-element_type=\"widget\" data-widget_type=\"text-editor.default\">\n<p><img decoding=\"async\" class=\"emoji\" role=\"img\" draggable=\"false\" src=\"https:\/\/s.w.org\/images\/core\/emoji\/17.0.2\/svg\/1f468-200d-1f469-200d-1f466.svg\" alt=\"\ud83d\udc68\u200d\ud83d\udc69\u200d\ud83d\udc66\" \/>\u00a0Dla \u015bwiadomych rodzic\u00f3w<br \/>\nInwestujesz w rozw\u00f3j swojego dziecka i chcesz da\u0107 mu najlepsze narz\u0119dzia? Premium to wyb\u00f3r, kt\u00f3ry gwarantuje bezpiecze\u0144stwo, komfort i trwa\u0142o\u015b\u0107 na lata.<\/p>\n<\/div>\n<div class=\"elementor-element elementor-element-b11fb44 elementor-widget elementor-widget-text-editor\" data-id=\"b11fb44\" data-element_type=\"widget\" data-widget_type=\"text-editor.default\">\n<p><img decoding=\"async\" class=\"emoji\" role=\"img\" draggable=\"false\" src=\"https:\/\/s.w.org\/images\/core\/emoji\/17.0.2\/svg\/26bd.svg\" alt=\"\u26bd\" \/>\u00a0Dla trener\u00f3w i akademii<br \/>\nSzukasz profesjonalnego sprz\u0119tu do treningu indywidualnego zawodnik\u00f3w? FOOTBALL MAT Premium sprawdzi si\u0119 idealnie jako narz\u0119dzie wspieraj\u0105ce rozw\u00f3j Twoich podopiecznych.<\/p>\n<\/div>\n<\/div>\n","protected":false},"excerpt":{"rendered":"<div class=\"elementor-element elementor-element-9dbd3fd elementor-widget elementor-widget-woocommerce-product-short-description\" data-id=\"9dbd3fd\" data-element_type=\"widget\" data-widget_type=\"woocommerce-product-short-description.default\">\n<div class=\"woocommerce-product-details__short-description\">\n<p><strong>W 100% antypo\u015blizgowa &#8211; Maksymalna przyczepno\u015b\u0107 i wysoki komfort treningu!<\/strong><\/p>\n<p>FOOTBALL MAT Premium to ulepszona wersja klasycznej maty pi\u0142karskiej FOOTBALL MAT, stworzona dla zawodnik\u00f3w i rodzic\u00f3w, kt\u00f3rzy chc\u0105 trenowa\u0107 cz\u0119\u015bciej, wygodniej i w ka\u017cdych warunkach. To mata dla tych, kt\u00f3rzy oczekuj\u0105 najwy\u017cszej jako\u015bci od swojego sprz\u0119tu treningowego.<\/p>\n<\/div>\n<\/div>\n<p><strong>Wymiary:<\/strong><br \/>\nD\u0142ugo\u015b\u0107: 60cm<br \/>\nSzeroko\u015b\u0107: 85cm<\/p>\n","protected":false},"featured_media":28121,"comment_status":"closed","ping_status":"closed","template":"","meta":{"_acf_changed":false},"product_cat":[233],"product_tag":[],"class_list":{"0":"post-28083","1":"product","2":"type-product","3":"status-publish","4":"has-post-thumbnail","6":"product_cat-trainingsmatte","8":"first","9":"instock","10":"taxable","11":"shipping-taxable","12":"purchasable","13":"product-type-simple"},"acf":[],"_links":{"self":[{"href":"https:\/\/oldfootballmat.szymonkrolikowski.pl\/de\/wp-json\/wp\/v2\/product\/28083","targetHints":{"allow":["GET"]}}],"collection":[{"href":"https:\/\/oldfootballmat.szymonkrolikowski.pl\/de\/wp-json\/wp\/v2\/product"}],"about":[{"href":"https:\/\/oldfootballmat.szymonkrolikowski.pl\/de\/wp-json\/wp\/v2\/types\/product"}],"replies":[{"embeddable":true,"href":"https:\/\/oldfootballmat.szymonkrolikowski.pl\/de\/wp-json\/wp\/v2\/comments?post=28083"}],"wp:featuredmedia":[{"embeddable":true,"href":"https:\/\/oldfootballmat.szymonkrolikowski.pl\/de\/wp-json\/wp\/v2\/media\/28121"}],"wp:attachment":[{"href":"https:\/\/oldfootballmat.szymonkrolikowski.pl\/de\/wp-json\/wp\/v2\/media?parent=28083"}],"wp:term":[{"taxonomy":"product_cat","embeddable":true,"href":"https:\/\/oldfootballmat.szymonkrolikowski.pl\/de\/wp-json\/wp\/v2\/product_cat?post=28083"},{"taxonomy":"product_tag","embeddable":true,"href":"https:\/\/oldfootballmat.szymonkrolikowski.pl\/de\/wp-json\/wp\/v2\/product_tag?post=28083"}],"curies":[{"name":"wp","href":"https:\/\/api.w.org\/{rel}","templated":true}]}}