{"id":28070,"date":"2025-12-13T18:04:35","date_gmt":"2025-12-13T17:04:35","guid":{"rendered":"https:\/\/football-mat.com\/?post_type=product&#038;p=28070"},"modified":"2025-12-13T18:17:50","modified_gmt":"2025-12-13T17:17:50","slug":"active-kids-mat-mata-do-treningu-motorycznego","status":"publish","type":"product","link":"https:\/\/oldfootballmat.szymonkrolikowski.pl\/de\/produkt\/active-kids-mat-mata-do-treningu-motorycznego\/","title":{"rendered":"ActiveKids MAT \u2013 mata do treningu motorycznego"},"content":{"rendered":"<div class=\"elementor-element elementor-element-347c215c elementor-widget elementor-widget-heading\" data-id=\"347c215c\" data-element_type=\"widget\" data-widget_type=\"heading.default\">\n<h2 class=\"elementor-heading-title elementor-size-default\">Regularny trening motoryczny z ActiveKids MAT to naturalna odpowied\u017a na te wyzwania!<\/h2>\n<\/div>\n<div class=\"elementor-element elementor-element-104cf7be elementor-widget elementor-widget-text-editor\" data-id=\"104cf7be\" data-element_type=\"widget\" data-widget_type=\"text-editor.default\">Wzmacniaj\u0105c mi\u0119\u015bnie, stawy i stabilizacj\u0119, dziecko:<\/div>\n<div class=\"elementor-element elementor-element-1a2a8a74 elementor-icon-list--layout-traditional elementor-list-item-link-full_width elementor-widget elementor-widget-icon-list\" data-id=\"1a2a8a74\" data-element_type=\"widget\" data-widget_type=\"icon-list.default\">\n<ul class=\"elementor-icon-list-items\">\n<li class=\"elementor-icon-list-item\"><span class=\"elementor-icon-list-text\"><img decoding=\"async\" class=\"emoji\" role=\"img\" draggable=\"false\" src=\"https:\/\/s.w.org\/images\/core\/emoji\/17.0.2\/svg\/2705.svg\" alt=\"\u2705\" \/>\u00a0Lepiej radzi sobie w sporcie<\/span><\/li>\n<li class=\"elementor-icon-list-item\"><span class=\"elementor-icon-list-text\"><img decoding=\"async\" class=\"emoji\" role=\"img\" draggable=\"false\" src=\"https:\/\/s.w.org\/images\/core\/emoji\/17.0.2\/svg\/2705.svg\" alt=\"\u2705\" \/>\u00a0Ma lepsz\u0105 postaw\u0119 i mniej dolegliwo\u015bci b\u00f3lowych<\/span><\/li>\n<li class=\"elementor-icon-list-item\"><span class=\"elementor-icon-list-text\"><img decoding=\"async\" class=\"emoji\" role=\"img\" draggable=\"false\" src=\"https:\/\/s.w.org\/images\/core\/emoji\/17.0.2\/svg\/2705.svg\" alt=\"\u2705\" \/>\u00a0Jest bardziej odporne na przeci\u0105\u017cenia i kontuzje<\/span><\/li>\n<li class=\"elementor-icon-list-item\"><span class=\"elementor-icon-list-text\"><img decoding=\"async\" class=\"emoji\" role=\"img\" draggable=\"false\" src=\"https:\/\/s.w.org\/images\/core\/emoji\/17.0.2\/svg\/2705.svg\" alt=\"\u2705\" \/>\u00a0Czuje si\u0119 sprawniejsze i pewniejsze w codziennych aktywno\u015bciach<\/span><\/li>\n<li class=\"elementor-icon-list-item\"><span class=\"elementor-icon-list-text\"><img decoding=\"async\" class=\"emoji\" role=\"img\" draggable=\"false\" src=\"https:\/\/s.w.org\/images\/core\/emoji\/17.0.2\/svg\/2705.svg\" alt=\"\u2705\" \/>\u00a0Buduje zdrowe nawyki na ca\u0142e \u017cycie<\/span><\/li>\n<\/ul>\n<\/div>\n<div class=\"elementor-element elementor-element-34e47766 elementor-widget elementor-widget-text-editor\" data-id=\"34e47766\" data-element_type=\"widget\" data-widget_type=\"text-editor.default\">Efekt?\u00a0Dziecko jest sprawniejsze, silniejsze i zdrowsze \u2013 a przy tym \u015bwietnie si\u0119 bawi!<\/div>\n<div data-id=\"34e47766\" data-element_type=\"widget\" data-widget_type=\"text-editor.default\"><\/div>\n<div data-id=\"34e47766\" data-element_type=\"widget\" data-widget_type=\"text-editor.default\">\n<div class=\"elementor-element elementor-element-261a749a elementor-widget elementor-widget-heading\" data-id=\"261a749a\" data-element_type=\"widget\" data-widget_type=\"heading.default\">\n<h2 class=\"elementor-heading-title elementor-size-default\">Co daje trening na ActiveKids MAT?<\/h2>\n<\/div>\n<div class=\"elementor-element elementor-element-a8e7c12 elementor-widget elementor-widget-text-editor\" data-id=\"a8e7c12\" data-element_type=\"widget\" data-widget_type=\"text-editor.default\">\n<p><strong><img decoding=\"async\" class=\"emoji\" role=\"img\" draggable=\"false\" src=\"https:\/\/s.w.org\/images\/core\/emoji\/17.0.2\/svg\/1f3c3.svg\" alt=\"\ud83c\udfc3\" \/>\u00a0Trening ca\u0142ego cia\u0142a<\/strong><br \/>\nActiveKids MAT anga\u017cuje wszystkie partie mi\u0119\u015bniowe. Dziecko poprawia kondycj\u0119 i og\u00f3ln\u0105 sprawno\u015b\u0107 fizyczn\u0105 \u2013 fundamenty pod ka\u017cd\u0105 dyscyplin\u0119 sportu i zdrowe, aktywne \u017cycie.<\/p>\n<\/div>\n<div class=\"elementor-element elementor-element-5e117532 elementor-widget elementor-widget-text-editor\" data-id=\"5e117532\" data-element_type=\"widget\" data-widget_type=\"text-editor.default\"><strong><img decoding=\"async\" class=\"emoji\" role=\"img\" draggable=\"false\" src=\"https:\/\/s.w.org\/images\/core\/emoji\/17.0.2\/svg\/23f1.svg\" alt=\"\u23f1\ufe0f\" \/>\u00a0\u0106wiczenia na czas i precyzj\u0119<\/strong><br \/>\nDzi\u0119ki systemowi pomiar\u00f3w dziecko widzi sw\u00f3j progres, co motywuje do regularno\u015bci.<\/div>\n<div class=\"elementor-element elementor-element-5e04257a elementor-widget elementor-widget-text-editor\" data-id=\"5e04257a\" data-element_type=\"widget\" data-widget_type=\"text-editor.default\"><strong><img decoding=\"async\" class=\"emoji\" role=\"img\" draggable=\"false\" src=\"https:\/\/s.w.org\/images\/core\/emoji\/17.0.2\/svg\/2696.svg\" alt=\"\u2696\ufe0f\" \/>\u00a0R\u00f3wnowaga i koordynacja<\/strong><br \/>\nActiveKids MAT rozwija stabilizacj\u0119, kontrol\u0119 ruchu i technik\u0119 poruszania. Dziecko lepiej czuje swoje cia\u0142o, jest bardziej zwinne w ka\u017cdej sytuacji.<\/div>\n<div class=\"elementor-element elementor-element-23b8549d elementor-widget elementor-widget-text-editor\" data-id=\"23b8549d\" data-element_type=\"widget\" data-widget_type=\"text-editor.default\"><strong><img decoding=\"async\" class=\"emoji\" role=\"img\" draggable=\"false\" src=\"https:\/\/s.w.org\/images\/core\/emoji\/17.0.2\/svg\/1f4aa.svg\" alt=\"\ud83d\udcaa\" \/>\u00a0Mobilno\u015b\u0107 i si\u0142a<\/strong><br \/>\nRegularne treningi wspieraj\u0105 lepsz\u0105 postaw\u0119 i buduj\u0105 silne fundamenty sportowe i zdrowotne dziecka.<\/div>\n<\/div>\n","protected":false},"excerpt":{"rendered":"<p><strong>Sprawno\u015b\u0107, zdrowie i rado\u015b\u0107 z ruchu \u2013 to wszystko w jednej macie!<\/strong><\/p>\n<p>ActiveKids MAT to mata treningowa, kt\u00f3ra rozwija sprawno\u015b\u0107 og\u00f3ln\u0105, zwinno\u015b\u0107, si\u0142\u0119 i koordynacj\u0119 ca\u0142ego cia\u0142a. Stworzona z my\u015bl\u0105 o dzieciach oraz rodzicach, kt\u00f3rzy chc\u0105 zadba\u0107 o kondycj\u0119 i zdrowie swoich pociech w prosty i skuteczny spos\u00f3b.<\/p>\n<p><strong>PRZEDSPRZEDA\u017b &#8211; tylko 100 sztuk!<\/strong><br \/>\nWYSY\u0141KA 18 Grudnia 2025<\/p>\n","protected":false},"featured_media":28071,"comment_status":"open","ping_status":"closed","template":"","meta":{"_acf_changed":false},"product_cat":[15],"product_tag":[],"class_list":{"0":"post-28070","1":"product","2":"type-product","3":"status-publish","4":"has-post-thumbnail","6":"product_cat-mata-treningowa","8":"first","9":"instock","10":"taxable","11":"shipping-taxable","12":"purchasable","13":"product-type-simple"},"acf":[],"_links":{"self":[{"href":"https:\/\/oldfootballmat.szymonkrolikowski.pl\/de\/wp-json\/wp\/v2\/product\/28070","targetHints":{"allow":["GET"]}}],"collection":[{"href":"https:\/\/oldfootballmat.szymonkrolikowski.pl\/de\/wp-json\/wp\/v2\/product"}],"about":[{"href":"https:\/\/oldfootballmat.szymonkrolikowski.pl\/de\/wp-json\/wp\/v2\/types\/product"}],"replies":[{"embeddable":true,"href":"https:\/\/oldfootballmat.szymonkrolikowski.pl\/de\/wp-json\/wp\/v2\/comments?post=28070"}],"wp:featuredmedia":[{"embeddable":true,"href":"https:\/\/oldfootballmat.szymonkrolikowski.pl\/de\/wp-json\/wp\/v2\/media\/28071"}],"wp:attachment":[{"href":"https:\/\/oldfootballmat.szymonkrolikowski.pl\/de\/wp-json\/wp\/v2\/media?parent=28070"}],"wp:term":[{"taxonomy":"product_cat","embeddable":true,"href":"https:\/\/oldfootballmat.szymonkrolikowski.pl\/de\/wp-json\/wp\/v2\/product_cat?post=28070"},{"taxonomy":"product_tag","embeddable":true,"href":"https:\/\/oldfootballmat.szymonkrolikowski.pl\/de\/wp-json\/wp\/v2\/product_tag?post=28070"}],"curies":[{"name":"wp","href":"https:\/\/api.w.org\/{rel}","templated":true}]}}