{"id":27316,"date":"2024-05-25T19:31:10","date_gmt":"2024-05-25T17:31:10","guid":{"rendered":"https:\/\/football-mat.com\/product\/bidon\/"},"modified":"2025-04-10T13:18:39","modified_gmt":"2025-04-10T11:18:39","slug":"bidon","status":"publish","type":"product","link":"https:\/\/oldfootballmat.szymonkrolikowski.pl\/de\/produkt\/bidon\/","title":{"rendered":"Bidon"},"content":{"rendered":"","protected":false},"excerpt":{"rendered":"<p><strong>Bidon Football Mat<\/strong>, idealny dla wszystkich mi\u0142o\u015bnik\u00f3w sportu, kt\u00f3rzy pragn\u0105 utrzyma\u0107 odpowiednie nawodnienie podczas intensywnych trening\u00f3w. Bidon zosta\u0142 zaprojektowany z my\u015bl\u0105 o komfortowym trzymaniu w d\u0142oni, co u\u0142atwia picie w ruchu.<\/p>\n<p>Funkcjonalny i stylowy bidon wyr\u00f3\u017cnia si\u0119 wyj\u0105tkowym designem i solidnym wykonaniem, co sprawia, \u017ce jest doskona\u0142ym wyborem zar\u00f3wno dla amator\u00f3w, jak i profesjonalnych sportowc\u00f3w.<\/p>\n<p>Pojemno\u015b\u0107: 750ml<\/p>\n<p>Motywacyjny napis\u00a0<strong>#TrainFutureChampions<\/strong>, przypomina o Twoich sportowych celach i determinacji do ich osi\u0105gni\u0119cia.\u00a0Wybierz bidon Football Mat i zadbaj o odpowiednie nawodnienie swojego organizmu w stylowy i efektywny spos\u00f3b.<\/p>\n<p>Zosta\u0144 mistrzem przysz\u0142o\u015bci z naszym wyj\u0105tkowym bidonem!<\/p>\n","protected":false},"featured_media":25300,"comment_status":"closed","ping_status":"closed","template":"","meta":{"_acf_changed":false},"product_cat":[240],"product_tag":[],"class_list":{"0":"post-27316","1":"product","2":"type-product","3":"status-publish","4":"has-post-thumbnail","6":"product_cat-zubehoer","8":"first","9":"instock","10":"taxable","11":"shipping-taxable","12":"purchasable","13":"product-type-simple"},"acf":[],"_links":{"self":[{"href":"https:\/\/oldfootballmat.szymonkrolikowski.pl\/de\/wp-json\/wp\/v2\/product\/27316","targetHints":{"allow":["GET"]}}],"collection":[{"href":"https:\/\/oldfootballmat.szymonkrolikowski.pl\/de\/wp-json\/wp\/v2\/product"}],"about":[{"href":"https:\/\/oldfootballmat.szymonkrolikowski.pl\/de\/wp-json\/wp\/v2\/types\/product"}],"replies":[{"embeddable":true,"href":"https:\/\/oldfootballmat.szymonkrolikowski.pl\/de\/wp-json\/wp\/v2\/comments?post=27316"}],"wp:featuredmedia":[{"embeddable":true,"href":"https:\/\/oldfootballmat.szymonkrolikowski.pl\/de\/wp-json\/wp\/v2\/media\/25300"}],"wp:attachment":[{"href":"https:\/\/oldfootballmat.szymonkrolikowski.pl\/de\/wp-json\/wp\/v2\/media?parent=27316"}],"wp:term":[{"taxonomy":"product_cat","embeddable":true,"href":"https:\/\/oldfootballmat.szymonkrolikowski.pl\/de\/wp-json\/wp\/v2\/product_cat?post=27316"},{"taxonomy":"product_tag","embeddable":true,"href":"https:\/\/oldfootballmat.szymonkrolikowski.pl\/de\/wp-json\/wp\/v2\/product_tag?post=27316"}],"curies":[{"name":"wp","href":"https:\/\/api.w.org\/{rel}","templated":true}]}}