{"id":27311,"date":"2024-07-23T10:06:43","date_gmt":"2024-07-23T08:06:43","guid":{"rendered":"https:\/\/football-mat.com\/product\/skarpety-antyposlizgowe-czarne\/"},"modified":"2025-04-10T13:18:07","modified_gmt":"2025-04-10T11:18:07","slug":"skarpety-antyposlizgowe-czarne","status":"publish","type":"product","link":"https:\/\/oldfootballmat.szymonkrolikowski.pl\/de\/produkt\/skarpety-antyposlizgowe-czarne\/","title":{"rendered":"Skarpety antypo\u015blizgowe &#8211; czarne"},"content":{"rendered":"<p>SKARPETY FOOTBALL MAT TO GWARANCJA:<\/p>\n<ul>\n<li><strong>Maksymalnej przyczepno\u015bci &#8211;<\/strong> Antypo\u015blizgowe wstawki zapobiegaj\u0105 po\u015blizgom.<\/li>\n<li><strong>Wygody &#8211;<\/strong>\u00a0Oddychaj\u0105cy materia\u0142 utrzymuje stopy suche, zapewniaj\u0105c wygod\u0119 na boisku.<\/li>\n<li><strong>Uniwersalno\u015b\u0107 &#8211;<\/strong>\u00a0Idealne zar\u00f3wno dla profesjonalist\u00f3w, jak i amator\u00f3w.<\/li>\n<li><strong>Wytrzyma\u0142o\u015bci &#8211;<\/strong>\u00a0Odporno\u015b\u0107 na \u015bcieranie i d\u0142ugotrwa\u0142e u\u017cytkowanie.<\/li>\n<li><strong>Dopasowania &#8211; <\/strong>Dzi\u0119ki dw\u00f3m rozmiarom idealnie pasuj\u0105 do stopy ka\u017cdego zawodnika.<\/li>\n<\/ul>\n<p>Materia\u0142 : Prolen Siltex, Bawe\u0142na, Elastan, Lycra.<\/p>\n","protected":false},"excerpt":{"rendered":"<p>Osi\u0105gnij maksymaln\u0105 przyczepno\u015b\u0107 i komfort na boisku ze Skarpetami Antypo\u015blizgowymi FOOTBALL MAT. Idealne dla ambitnych zawodnik\u00f3w, kt\u00f3rzy ceni\u0105 sobie stabilno\u015b\u0107 i wydajno\u015b\u0107 na boisku!<\/p>\n<p>Skarpety antypo\u015blizgowe FOOTBALL MAT w kolorze czarno-pomara\u0144czowym wyst\u0119puj\u0105 tylko w rozmiarze:<\/p>\n<p>&#8211; Junior : rozmiar 36-39<\/p>\n<style>.elementor-element-1311a49 .elementor-heading-title.elementor-size-default {display:none;}<\/style>\n","protected":false},"featured_media":25995,"comment_status":"closed","ping_status":"closed","template":"","meta":{"_acf_changed":false},"product_cat":[240],"product_tag":[],"class_list":{"0":"post-27311","1":"product","2":"type-product","3":"status-publish","4":"has-post-thumbnail","6":"product_cat-zubehoer","8":"first","9":"instock","10":"taxable","11":"shipping-taxable","12":"purchasable","13":"product-type-variable"},"acf":[],"_links":{"self":[{"href":"https:\/\/oldfootballmat.szymonkrolikowski.pl\/de\/wp-json\/wp\/v2\/product\/27311","targetHints":{"allow":["GET"]}}],"collection":[{"href":"https:\/\/oldfootballmat.szymonkrolikowski.pl\/de\/wp-json\/wp\/v2\/product"}],"about":[{"href":"https:\/\/oldfootballmat.szymonkrolikowski.pl\/de\/wp-json\/wp\/v2\/types\/product"}],"replies":[{"embeddable":true,"href":"https:\/\/oldfootballmat.szymonkrolikowski.pl\/de\/wp-json\/wp\/v2\/comments?post=27311"}],"wp:featuredmedia":[{"embeddable":true,"href":"https:\/\/oldfootballmat.szymonkrolikowski.pl\/de\/wp-json\/wp\/v2\/media\/25995"}],"wp:attachment":[{"href":"https:\/\/oldfootballmat.szymonkrolikowski.pl\/de\/wp-json\/wp\/v2\/media?parent=27311"}],"wp:term":[{"taxonomy":"product_cat","embeddable":true,"href":"https:\/\/oldfootballmat.szymonkrolikowski.pl\/de\/wp-json\/wp\/v2\/product_cat?post=27311"},{"taxonomy":"product_tag","embeddable":true,"href":"https:\/\/oldfootballmat.szymonkrolikowski.pl\/de\/wp-json\/wp\/v2\/product_tag?post=27311"}],"curies":[{"name":"wp","href":"https:\/\/api.w.org\/{rel}","templated":true}]}}