{"id":22018,"date":"2023-04-27T10:28:51","date_gmt":"2023-04-27T08:28:51","guid":{"rendered":"https:\/\/football-mat.com\/lieferung-und-bezahlung\/"},"modified":"2024-08-19T08:41:37","modified_gmt":"2024-08-19T06:41:37","slug":"lieferung-und-bezahlung","status":"publish","type":"page","link":"https:\/\/oldfootballmat.szymonkrolikowski.pl\/de\/lieferung-und-bezahlung\/","title":{"rendered":"Lieferung und Bezahlung"},"content":{"rendered":"\t\t<div data-elementor-type=\"wp-page\" data-elementor-id=\"22018\" class=\"elementor elementor-22018 elementor-19942\" data-elementor-post-type=\"page\">\n\t\t\t\t\t\t<section class=\"elementor-section elementor-top-section elementor-element elementor-element-444c96f elementor-section-boxed elementor-section-height-default elementor-section-height-default\" data-id=\"444c96f\" data-element_type=\"section\">\n\t\t\t\t\t\t<div class=\"elementor-container elementor-column-gap-default\">\n\t\t\t\t\t<div class=\"elementor-column elementor-col-100 elementor-top-column elementor-element elementor-element-29b0f3d\" data-id=\"29b0f3d\" data-element_type=\"column\">\n\t\t\t<div class=\"elementor-widget-wrap elementor-element-populated\">\n\t\t\t\t\t\t<div class=\"elementor-element elementor-element-f9e88a9 elementor-widget elementor-widget-image\" data-id=\"f9e88a9\" data-element_type=\"widget\" data-widget_type=\"image.default\">\n\t\t\t\t\t\t\t\t\t\t\t\t\t\t\t<img fetchpriority=\"high\" decoding=\"async\" width=\"980\" height=\"434\" src=\"https:\/\/oldfootballmat.szymonkrolikowski.pl\/wp-content\/uploads\/2024\/02\/platnosci_de-1024x453.webp\" class=\"attachment-large size-large wp-image-24633\" alt=\"\" srcset=\"https:\/\/oldfootballmat.szymonkrolikowski.pl\/wp-content\/uploads\/2024\/02\/platnosci_de-1024x453.webp 1024w, https:\/\/oldfootballmat.szymonkrolikowski.pl\/wp-content\/uploads\/2024\/02\/platnosci_de-300x133.webp 300w, https:\/\/oldfootballmat.szymonkrolikowski.pl\/wp-content\/uploads\/2024\/02\/platnosci_de-768x340.webp 768w, https:\/\/oldfootballmat.szymonkrolikowski.pl\/wp-content\/uploads\/2024\/02\/platnosci_de-1536x680.webp 1536w, https:\/\/oldfootballmat.szymonkrolikowski.pl\/wp-content\/uploads\/2024\/02\/platnosci_de-600x266.webp 600w, https:\/\/oldfootballmat.szymonkrolikowski.pl\/wp-content\/uploads\/2024\/02\/platnosci_de.webp 1920w\" sizes=\"(max-width: 980px) 100vw, 980px\" \/>\t\t\t\t\t\t\t\t\t\t\t\t\t\t\t<\/div>\n\t\t\t\t\t<\/div>\n\t\t<\/div>\n\t\t\t\t\t<\/div>\n\t\t<\/section>\n\t\t\t\t<section class=\"elementor-section elementor-top-section elementor-element elementor-element-7c3b484 elementor-section-boxed elementor-section-height-default elementor-section-height-default\" data-id=\"7c3b484\" data-element_type=\"section\">\n\t\t\t\t\t\t<div class=\"elementor-container elementor-column-gap-default\">\n\t\t\t\t\t<div class=\"elementor-column elementor-col-100 elementor-top-column elementor-element elementor-element-6cc9b4e\" data-id=\"6cc9b4e\" data-element_type=\"column\">\n\t\t\t<div class=\"elementor-widget-wrap elementor-element-populated\">\n\t\t\t\t\t\t<div class=\"elementor-element elementor-element-f6d6228 elementor-absolute e-transform elementor-hidden-desktop elementor-widget elementor-widget-image\" data-id=\"f6d6228\" data-element_type=\"widget\" data-settings=\"{&quot;_position&quot;:&quot;absolute&quot;,&quot;_transform_translateX_effect_mobile&quot;:{&quot;unit&quot;:&quot;%&quot;,&quot;size&quot;:0,&quot;sizes&quot;:[]},&quot;_transform_translateY_effect_mobile&quot;:{&quot;unit&quot;:&quot;px&quot;,&quot;size&quot;:70,&quot;sizes&quot;:[]},&quot;_transform_translateX_effect&quot;:{&quot;unit&quot;:&quot;px&quot;,&quot;size&quot;:&quot;&quot;,&quot;sizes&quot;:[]},&quot;_transform_translateX_effect_tablet&quot;:{&quot;unit&quot;:&quot;px&quot;,&quot;size&quot;:&quot;&quot;,&quot;sizes&quot;:[]},&quot;_transform_translateY_effect&quot;:{&quot;unit&quot;:&quot;px&quot;,&quot;size&quot;:&quot;&quot;,&quot;sizes&quot;:[]},&quot;_transform_translateY_effect_tablet&quot;:{&quot;unit&quot;:&quot;px&quot;,&quot;size&quot;:&quot;&quot;,&quot;sizes&quot;:[]}}\" data-widget_type=\"image.default\">\n\t\t\t\t\t\t\t\t\t\t\t\t\t\t\t<img decoding=\"async\" src=\"https:\/\/oldfootballmat.szymonkrolikowski.pl\/wp-content\/uploads\/elementor\/thumbs\/horizontal-scroll-r10fkgk2mkzgz61rh54y2twd7wszraxj1603po5syo.png\" title=\"horizontal-scroll\" alt=\"horizontal-scroll\" loading=\"lazy\" \/>\t\t\t\t\t\t\t\t\t\t\t\t\t\t\t<\/div>\n\t\t\t\t<div class=\"elementor-element elementor-element-f2fcfb8 elementor-widget elementor-widget-heading\" data-id=\"f2fcfb8\" data-element_type=\"widget\" data-widget_type=\"heading.default\">\n\t\t\t\t\t<h2 class=\"elementor-heading-title elementor-size-default\">Inl\u00e4ndische Sendungen<\/h2>\t\t\t\t<\/div>\n\t\t\t\t<div class=\"elementor-element elementor-element-c908f9a elementor-widget elementor-widget-text-editor\" data-id=\"c908f9a\" data-element_type=\"widget\" data-widget_type=\"text-editor.default\">\n\t\t\t\t\t\t\t\t\t<div class=\"table-mobile\">\n<table style=\"width: 1120px; border: 1px solid #eef0f6; text-align: center;\">\n<thead style=\"background-color: red;\"><\/thead>\n<thead style=\"background-color: #f6f7f8;\">\n<tr>\n<td style=\"font-size: 0.875rem; color: #202428; padding: 4px; border-color: #eef0f6;\" rowspan=\"2\"><b>Art des Versands<\/b><\/td>\n<td style=\"font-size: 0.875rem; color: #202428; padding: 4px; border-color: #eef0f6;\" rowspan=\"2\"><b>Voraussichtliche Lieferfrist<\/b><\/td>\n<td style=\"font-size: 0.875rem; color: #202428; padding: 4px; border-color: #eef0f6;\" colspan=\"2\"><b>Gesamtversandkosten<\/b><\/td>\n<\/tr>\n<tr>\n<td style=\"font-size: 0.875rem; color: #202428; padding: 4px; border-color: #eef0f6;\"><b>Kosten der Lieferung<\/b><\/td>\n<td style=\"font-size: 0.875rem; color: #202428; padding: 4px; border-color: #eef0f6;\"><b>Herunterladen<\/b><\/td>\n<\/tr>\n<\/thead>\n<tbody>\n<tr>\n<td style=\"font-size: 0.875rem; color: #202428; padding: 4px; border-color: #eef0f6;\"><img decoding=\"async\" style=\"vertical-align: middle;\" src=\"http:\/\/football-mat.com\/wp-content\/uploads\/2023\/02\/inpost-kurier.png\" alt=\"\" width=\"150px\" height=\"auto\" \/><\/td>\n<td style=\"font-size: 0.875rem; color: #202428; padding: 8px; border-color: #eef0f6;\">1-2 an Werktagen<\/td>\n<td style=\"font-size: 0.875rem; color: #202428; padding: 4px; border-color: #eef0f6;\">13,49 PLN<\/td>\n<td style=\"font-size: 0.875rem; color: #202428; padding: 4px; border-color: #eef0f6;\">+ 5,00 PLN<\/td>\n<\/tr>\n<tr>\n<td style=\"font-size: 0.875rem; color: #202428; padding: 4px; border-color: #eef0f6;\"><img decoding=\"async\" style=\"vertical-align: middle;\" src=\"http:\/\/football-mat.com\/wp-content\/uploads\/2023\/02\/InpostMedium.png\" alt=\"\" width=\"150px\" height=\"auto\" \/><\/td>\n<td style=\"font-size: 0.875rem; color: #202428; padding: 4px; border-color: #eef0f6;\">1-2 an Werktagen<\/td>\n<td style=\"font-size: 0.875rem; color: #202428; padding: 4px; border-color: #eef0f6;\">15,29 PLN<\/td>\n<td style=\"font-size: 0.875rem; color: #202428; padding: 4px; border-color: #eef0f6;\">+ 5,00 PLN<\/td>\n<\/tr>\n<tr>\n<td style=\"font-size: 0.875rem; color: #202428; padding: 4px; border-color: #eef0f6;\"><img decoding=\"async\" style=\"vertical-align: middle;\" src=\"http:\/\/football-mat.com\/wp-content\/uploads\/2023\/03\/progress-cup-logo.png\" alt=\"\" width=\"150px\" height=\"auto\" \/>\nPers\u00f6nliche Sammlung beim PROGRESS CUP Turnier<\/td>\n<td style=\"font-size: 0.875rem; color: #202428; padding: 4px; border-color: #eef0f6;\">&#8211;<\/td>\n<td style=\"font-size: 0.875rem; color: #202428; padding: 4px; border-color: #eef0f6;\">GRATIS<\/td>\n<td style=\"font-size: 0.875rem; color: #202428; padding: 4px; border-color: #eef0f6;\">GRATIS<\/td>\n<\/tr>\n\n<\/tbody>\n<\/table>\n<\/div>\t\t\t\t\t\t\t\t<\/div>\n\t\t\t\t\t<\/div>\n\t\t<\/div>\n\t\t\t\t\t<\/div>\n\t\t<\/section>\n\t\t\t\t<section class=\"elementor-section elementor-top-section elementor-element elementor-element-dc13551 elementor-section-boxed elementor-section-height-default elementor-section-height-default\" data-id=\"dc13551\" data-element_type=\"section\">\n\t\t\t\t\t\t<div class=\"elementor-container elementor-column-gap-default\">\n\t\t\t\t\t<div class=\"elementor-column elementor-col-100 elementor-top-column elementor-element elementor-element-f1c7abc\" data-id=\"f1c7abc\" data-element_type=\"column\">\n\t\t\t<div class=\"elementor-widget-wrap elementor-element-populated\">\n\t\t\t\t\t\t<div class=\"elementor-element elementor-element-324f543 elementor-widget elementor-widget-heading\" data-id=\"324f543\" data-element_type=\"widget\" data-widget_type=\"heading.default\">\n\t\t\t\t\t<h3 class=\"elementor-heading-title elementor-size-default\">Internationale Sendungen<\/h3>\t\t\t\t<\/div>\n\t\t\t\t<div class=\"elementor-element elementor-element-e969f45 elementor-widget elementor-widget-text-editor\" data-id=\"e969f45\" data-element_type=\"widget\" data-widget_type=\"text-editor.default\">\n\t\t\t\t\t\t\t\t\t<div><table style=\"width: 100%; border: 1px solid #eef0f6; text-align: center;\"><thead style=\"background-color: #f6f7f8;\"><tr><td style=\"font-size: 0.875rem; color: #202428; padding: 4px; border-color: #eef0f6;\" rowspan=\"2\"><b>Versandart<\/b><\/td><td style=\"font-size: 0.875rem; color: #202428; padding: 4px; border-color: #eef0f6;\" rowspan=\"2\"><b>Voraussichtliche Lieferzeit<\/b><\/td><td style=\"font-size: 0.875rem; color: #202428; padding: 4px; border-color: #eef0f6;\" colspan=\"1\"><b>Gesamte Versandkosten<\/b><\/td><\/tr><tr><td style=\"font-size: 0.875rem; color: #202428; padding: 4px; border-color: #eef0f6;\"><b>Lieferkosten<\/b><\/td><\/tr><\/thead><tbody><tr><td style=\"font-size: 0.875rem; color: #202428; padding: 4px; border-color: #eef0f6;\">DPD Kurier<\/td><td style=\"font-size: 0.875rem; color: #202428; padding: 8px; border-color: #eef0f6;\">Europa (3 \u2013 5 Werktage)<br \/>Zone I: <span style=\"font-weight: 400;\">Austria, Belgia, Dania, Estonia, Holandia, Litwa, Luksemburg, \u0141otwa, Niemcy, Czechy, S\u0142owacja, W\u0119gry<\/span><br \/>Zone II: <span style=\"font-weight: 400;\">Bu\u0142garia, Finlandia, Francja, Hiszpania, Irlandia, Portugalia, Rumunia, S\u0142owenia, Szwecja, W\u0142ochy<\/span><br \/>Zone III: L\u00e4nderaustausch<br \/><br \/>Andere<p><span style=\"font-weight: 400;\">Stany Zjednoczone, <\/span><span style=\"font-weight: 400;\">Meksyk, Australia, Nowa Zelandia, Malta<\/span><\/p><\/td><td style=\"font-size: 0.875rem; color: #202428; padding: 4px; border-color: #eef0f6;\"><p><br \/>9,99 EUR<br \/>15,99 EUR<br \/>29,99 EUR<br \/><br \/><\/p><p>ab 39,99 EUR<\/p><\/td><\/tr><tr><td style=\"font-size: 0.875rem; color: #202428; padding: 4px; border-color: #eef0f6;\">FedEx Kurier<\/td><td style=\"font-size: 0.875rem; color: #202428; padding: 8px; border-color: #eef0f6;\">Vereinigtes K\u00f6nigreich (5 &#8211; 7 Werktage)<br \/>Nordamerika (5 \u2013 10 Werktage)<br \/>S\u00fcdamerika (5 \u2013 10 Werktage)<br \/>Australien (5 \u2013 10 Werktage)<\/td><td style=\"font-size: 0.875rem; color: #202428; padding: 4px; border-color: #eef0f6;\">29,99 EUR<br \/>39,99 EUR<br \/>49,99 EUR<br \/>49,99 EUR<\/td><\/tr><\/tbody><\/table><\/div>\t\t\t\t\t\t\t\t<\/div>\n\t\t\t\t<div class=\"elementor-element elementor-element-35bd4cb elementor-widget elementor-widget-text-editor\" data-id=\"35bd4cb\" data-element_type=\"widget\" data-widget_type=\"text-editor.default\">\n\t\t\t\t\t\t\t\t\t<div>\n<table style=\"width: 1120px; border: 1px solid #eef0f6; text-align: center;\">\n<tbody>\n<tr>\n<td style=\"font-size: 0.875rem; color: #202428; padding: 4px; border-color: #eef0f6; width:22%;\">&#8212;<\/td>\n<td style=\"font-size: 0.875rem; color: #202428; padding: 8px; border-color: #eef0f6; width: 49.7%;\">&#8212;-<\/td>\n<td style=\"font-size: 0.875rem; color: #202428; padding: 4px; border-color: #eef0f6;\">&#8212;<\/td>\n<\/tr>\n<\/tbody>\n<\/table>\n<\/div>\t\t\t\t\t\t\t\t<\/div>\n\t\t\t\t<div class=\"elementor-element elementor-element-abf4576 elementor-absolute e-transform elementor-hidden-desktop elementor-widget elementor-widget-image\" data-id=\"abf4576\" data-element_type=\"widget\" data-settings=\"{&quot;_position&quot;:&quot;absolute&quot;,&quot;_transform_translateX_effect_mobile&quot;:{&quot;unit&quot;:&quot;%&quot;,&quot;size&quot;:0,&quot;sizes&quot;:[]},&quot;_transform_translateY_effect_mobile&quot;:{&quot;unit&quot;:&quot;px&quot;,&quot;size&quot;:70,&quot;sizes&quot;:[]},&quot;_transform_translateX_effect&quot;:{&quot;unit&quot;:&quot;px&quot;,&quot;size&quot;:&quot;&quot;,&quot;sizes&quot;:[]},&quot;_transform_translateX_effect_tablet&quot;:{&quot;unit&quot;:&quot;px&quot;,&quot;size&quot;:&quot;&quot;,&quot;sizes&quot;:[]},&quot;_transform_translateY_effect&quot;:{&quot;unit&quot;:&quot;px&quot;,&quot;size&quot;:&quot;&quot;,&quot;sizes&quot;:[]},&quot;_transform_translateY_effect_tablet&quot;:{&quot;unit&quot;:&quot;px&quot;,&quot;size&quot;:&quot;&quot;,&quot;sizes&quot;:[]}}\" data-widget_type=\"image.default\">\n\t\t\t\t\t\t\t\t\t\t\t\t\t\t\t<img decoding=\"async\" src=\"https:\/\/oldfootballmat.szymonkrolikowski.pl\/wp-content\/uploads\/elementor\/thumbs\/horizontal-scroll-r10fkgk2mkzgz61rh54y2twd7wszraxj1603po5syo.png\" title=\"horizontal-scroll\" alt=\"horizontal-scroll\" loading=\"lazy\" \/>\t\t\t\t\t\t\t\t\t\t\t\t\t\t\t<\/div>\n\t\t\t\t\t<\/div>\n\t\t<\/div>\n\t\t\t\t\t<\/div>\n\t\t<\/section>\n\t\t\t\t<\/div>\n\t\t","protected":false},"excerpt":{"rendered":"<p>Inl\u00e4ndische Sendungen Art des Versands Voraussichtliche Lieferfrist Gesamtversandkosten Kosten der Lieferung Herunterladen 1-2 an Werktagen 13,49 PLN + 5,00 PLN 1-2 an Werktagen 15,29 PLN + 5,00 PLN Pers\u00f6nliche Sammlung beim PROGRESS CUP Turnier &#8211; GRATIS GRATIS Internationale Sendungen Versandart Voraussichtliche Lieferzeit Gesamte Versandkosten Lieferkosten DPD Kurier Europa (3 \u2013 5 Werktage)Zone I: Austria, Belgia, [&hellip;]<\/p>\n","protected":false},"author":749,"featured_media":0,"parent":0,"menu_order":0,"comment_status":"closed","ping_status":"closed","template":"","meta":{"_acf_changed":false,"footnotes":""},"class_list":["post-22018","page","type-page","status-publish","hentry"],"acf":[],"_links":{"self":[{"href":"https:\/\/oldfootballmat.szymonkrolikowski.pl\/de\/wp-json\/wp\/v2\/pages\/22018","targetHints":{"allow":["GET"]}}],"collection":[{"href":"https:\/\/oldfootballmat.szymonkrolikowski.pl\/de\/wp-json\/wp\/v2\/pages"}],"about":[{"href":"https:\/\/oldfootballmat.szymonkrolikowski.pl\/de\/wp-json\/wp\/v2\/types\/page"}],"author":[{"embeddable":true,"href":"https:\/\/oldfootballmat.szymonkrolikowski.pl\/de\/wp-json\/wp\/v2\/users\/749"}],"replies":[{"embeddable":true,"href":"https:\/\/oldfootballmat.szymonkrolikowski.pl\/de\/wp-json\/wp\/v2\/comments?post=22018"}],"version-history":[{"count":0,"href":"https:\/\/oldfootballmat.szymonkrolikowski.pl\/de\/wp-json\/wp\/v2\/pages\/22018\/revisions"}],"wp:attachment":[{"href":"https:\/\/oldfootballmat.szymonkrolikowski.pl\/de\/wp-json\/wp\/v2\/media?parent=22018"}],"curies":[{"name":"wp","href":"https:\/\/api.w.org\/{rel}","templated":true}]}}