{"id":21849,"date":"2023-04-27T10:27:36","date_gmt":"2023-04-27T08:27:36","guid":{"rendered":"https:\/\/football-mat.com\/ueber-uns\/"},"modified":"2024-03-19T16:56:33","modified_gmt":"2024-03-19T15:56:33","slug":"ueber-uns","status":"publish","type":"page","link":"https:\/\/oldfootballmat.szymonkrolikowski.pl\/de\/ueber-uns\/","title":{"rendered":"\u00dcber uns"},"content":{"rendered":"\t\t<div data-elementor-type=\"wp-page\" data-elementor-id=\"21849\" class=\"elementor elementor-21849 elementor-1833\" data-elementor-post-type=\"page\">\n\t\t\t\t\t\t<section class=\"elementor-section elementor-top-section elementor-element elementor-element-1a5cbcb elementor-section-boxed elementor-section-height-default elementor-section-height-default\" data-id=\"1a5cbcb\" data-element_type=\"section\">\n\t\t\t\t\t\t<div class=\"elementor-container elementor-column-gap-default\">\n\t\t\t\t\t<div class=\"elementor-column elementor-col-50 elementor-top-column elementor-element elementor-element-32a952a\" data-id=\"32a952a\" data-element_type=\"column\">\n\t\t\t<div class=\"elementor-widget-wrap elementor-element-populated\">\n\t\t\t\t\t\t<div class=\"elementor-element elementor-element-2a804fa elementor-widget elementor-widget-heading\" data-id=\"2a804fa\" data-element_type=\"widget\" data-widget_type=\"heading.default\">\n\t\t\t\t\t<h2 class=\"elementor-heading-title elementor-size-default\"><span class=\"text-orange\">#TrainingFutureMasters<\/span><\/h2>\t\t\t\t<\/div>\n\t\t\t\t<div class=\"elementor-element elementor-element-6195303 elementor-widget elementor-widget-text-editor\" data-id=\"6195303\" data-element_type=\"widget\" data-widget_type=\"text-editor.default\">\n\t\t\t\t\t\t\t\t\t<p><b>FOOTBALL MAT<\/b> ist eine innovative <b>Trainingsmatte f\u00fcr die umfassende Entwicklung von Fu\u00dfballspielern und eine st\u00e4ndig wachsende Datenbank mit Trainingsvideos<\/b> f\u00fcr Profis und Amateure, Kinder und Erwachsene!<\/p>\n<p><span style=\"color: var( --e-global-color-text ); font-family: var( --e-global-typography-text-font-family ), Sans-serif; background-color: var(--background);\"><b>Fair Play ist ein Prinzip, das wir vom Spielfeld \u00fcbernommen haben.<\/b><\/span><span style=\"color: var( --e-global-color-text ); font-family: var( --e-global-typography-text-font-family ), Sans-serif; font-weight: var( --e-global-typography-text-font-weight ); background-color: var(--background);\">  &#8211; Jeder unserer Kunden und Partner wird mit \u00e4u\u00dferster Sorgfalt und Engagement behandelt. Jeden Tag sorgt unser Team f\u00fcr die Entwicklung der einzigartigen FOOTBALL MAT-Community, zu der auch zuk\u00fcnftige Weltstars geh\u00f6ren!<\/span><\/p>\t\t\t\t\t\t\t\t<\/div>\n\t\t\t\t\t<\/div>\n\t\t<\/div>\n\t\t\t\t<div class=\"elementor-column elementor-col-50 elementor-top-column elementor-element elementor-element-7e7ba05\" data-id=\"7e7ba05\" data-element_type=\"column\">\n\t\t\t<div class=\"elementor-widget-wrap elementor-element-populated\">\n\t\t\t\t\t\t<div class=\"elementor-element elementor-element-33b8fba elementor-widget elementor-widget-image\" data-id=\"33b8fba\" data-element_type=\"widget\" data-widget_type=\"image.default\">\n\t\t\t\t\t\t\t\t\t\t\t\t\t\t\t<img fetchpriority=\"high\" decoding=\"async\" width=\"640\" height=\"592\" src=\"https:\/\/oldfootballmat.szymonkrolikowski.pl\/wp-content\/uploads\/2023\/02\/football-mat-1b.webp\" class=\"attachment-large size-large wp-image-21295\" alt=\"\" srcset=\"https:\/\/oldfootballmat.szymonkrolikowski.pl\/wp-content\/uploads\/2023\/02\/football-mat-1b.webp 640w, https:\/\/oldfootballmat.szymonkrolikowski.pl\/wp-content\/uploads\/2023\/02\/football-mat-1b-300x278.webp 300w, https:\/\/oldfootballmat.szymonkrolikowski.pl\/wp-content\/uploads\/2023\/02\/football-mat-1b-600x555.webp 600w\" sizes=\"(max-width: 640px) 100vw, 640px\" \/>\t\t\t\t\t\t\t\t\t\t\t\t\t\t\t<\/div>\n\t\t\t\t\t<\/div>\n\t\t<\/div>\n\t\t\t\t\t<\/div>\n\t\t<\/section>\n\t\t\t\t<section class=\"elementor-section elementor-top-section elementor-element elementor-element-82fb213 elementor-section-boxed elementor-section-height-default elementor-section-height-default\" data-id=\"82fb213\" data-element_type=\"section\">\n\t\t\t\t\t\t<div class=\"elementor-container elementor-column-gap-default\">\n\t\t\t\t\t<div class=\"elementor-column elementor-col-100 elementor-top-column elementor-element elementor-element-6a44871\" data-id=\"6a44871\" data-element_type=\"column\">\n\t\t\t<div class=\"elementor-widget-wrap elementor-element-populated\">\n\t\t\t\t\t\t<div class=\"elementor-element elementor-element-96c4ebf elementor-widget elementor-widget-text-editor\" data-id=\"96c4ebf\" data-element_type=\"widget\" data-widget_type=\"text-editor.default\">\n\t\t\t\t\t\t\t\t\t<p><span style=\"background-color: var(--background); color: var( --e-global-color-text ); font-family: var( --e-global-typography-text-font-family ), Sans-serif; font-size: 1.618em; font-weight: bold;\">Wie entstand das Werkzeug zuk\u00fcnftiger Champions?&nbsp;<\/span><\/p>\n<p><span style=\"color: rgb(15, 15, 15); font-family: S\u00f6hne, ui-sans-serif, system-ui, -apple-system, \"Segoe UI\", Roboto, Ubuntu, Cantarell, \"Noto Sans\", sans-serif, \"Helvetica Neue\", Arial, \"Apple Color Emoji\", \"Segoe UI Emoji\", \"Segoe UI Symbol\", \"Noto Color Emoji\"; orphans: 2; white-space: pre-wrap; widows: 2; background-color: var(--background);\">Unsere Geschichte beginnt auf dem Fu\u00dfballplatz, wo ich als aktiver Spieler die Erfahrung machte, dass es an Hilfsmitteln f\u00fcr ein effektives individuelles Training mangelte. Dieses Bed\u00fcrfnis wurde zum Keim der Innovation, die keimte, als ich meine Fu\u00dfballkarriere beendete und Motorik-Vorbereitungstrainer wurde. Die Kombination aus fundiertem Wissen \u00fcber Fu\u00dfball und fortschrittlichen Trainingstechniken f\u00fchrte zu unserer Trainingsmatte \u2013 einem einzigartigen Werkzeug, das das individuelle Training revolutioniert und es Spielern erm\u00f6glicht, ihre F\u00e4higkeiten auch zu Hause zu entwickeln. Unsere Matte wurde aus Leidenschaft f\u00fcr den Sport und dem Wunsch, jeden Aspekt des Spiels zu verbessern, entwickelt und ist nicht nur Trainingsger\u00e4t, sondern der Schl\u00fcssel, um das volle Potenzial jedes Fu\u00dfballers zu entdecken.<\/span><\/p>\n<p><b>Individuelles Fu\u00dfballtraining war noch nie so einfach!<\/b>  Schlie\u00dflich &#8222;bilden wir zuk\u00fcnftige Champions aus&#8220;!<\/p>\t\t\t\t\t\t\t\t<\/div>\n\t\t\t\t<div class=\"elementor-element elementor-element-7a6a1db elementor-widget elementor-widget-spacer\" data-id=\"7a6a1db\" data-element_type=\"widget\" data-widget_type=\"spacer.default\">\n\t\t\t\t\t\t\t<div class=\"elementor-spacer\">\n\t\t\t<div class=\"elementor-spacer-inner\"><\/div>\n\t\t<\/div>\n\t\t\t\t\t\t<\/div>\n\t\t\t\t\t<\/div>\n\t\t<\/div>\n\t\t\t\t\t<\/div>\n\t\t<\/section>\n\t\t\t\t<section class=\"elementor-section elementor-top-section elementor-element elementor-element-f3a78ed elementor-section-boxed elementor-section-height-default elementor-section-height-default\" data-id=\"f3a78ed\" data-element_type=\"section\">\n\t\t\t\t\t\t<div class=\"elementor-container elementor-column-gap-default\">\n\t\t\t\t\t<div class=\"elementor-column elementor-col-100 elementor-top-column elementor-element elementor-element-cec91c8\" data-id=\"cec91c8\" data-element_type=\"column\">\n\t\t\t<div class=\"elementor-widget-wrap elementor-element-populated\">\n\t\t\t\t\t\t<div class=\"elementor-element elementor-element-412042f elementor-widget elementor-widget-text-editor\" data-id=\"412042f\" data-element_type=\"widget\" data-widget_type=\"text-editor.default\">\n\t\t\t\t\t\t\t\t\t<p><span style=\"background-color: var(--background); color: var( --e-global-color-text ); font-family: var( --e-global-typography-text-font-family ), Sans-serif; font-size: 1.618em; font-weight: bold;\">CHAMPIONS WERDEN IN STILLE GEBOREN&#8230;<br \/><\/span><\/p>\n\t\t\t\t\t\t\t\t<\/div>\n\t\t\t\t<div class=\"elementor-element elementor-element-f4a408d elementor-widget elementor-widget-video\" data-id=\"f4a408d\" data-element_type=\"widget\" data-settings=\"{&quot;youtube_url&quot;:&quot;https:\\\/\\\/youtu.be\\\/g2wN9FH-AuE?si=Z9O00nPjVIPtuUWy&quot;,&quot;autoplay&quot;:&quot;yes&quot;,&quot;mute&quot;:&quot;yes&quot;,&quot;video_type&quot;:&quot;youtube&quot;,&quot;controls&quot;:&quot;yes&quot;}\" data-widget_type=\"video.default\">\n\t\t\t\t\t\t\t<div class=\"elementor-wrapper elementor-open-inline\">\n\t\t\t<div class=\"elementor-video\"><\/div>\t\t<\/div>\n\t\t\t\t\t\t<\/div>\n\t\t\t\t\t<\/div>\n\t\t<\/div>\n\t\t\t\t\t<\/div>\n\t\t<\/section>\n\t\t\t\t<div class=\"elementor-section elementor-top-section elementor-element elementor-element-9c85946 elementor-section-stretched elementor-section-boxed elementor-section-height-default elementor-section-height-default\" data-id=\"9c85946\" data-element_type=\"section\" data-settings=\"{&quot;stretch_section&quot;:&quot;section-stretched&quot;}\">\n\t\t\t\t\t\t<div class=\"elementor-container elementor-column-gap-no\">\n\t\t\t\t\t<div class=\"elementor-column elementor-col-100 elementor-top-column elementor-element elementor-element-0abd5fc\" data-id=\"0abd5fc\" data-element_type=\"column\">\n\t\t\t<div class=\"elementor-widget-wrap elementor-element-populated\">\n\t\t\t\t\t\t<div class=\"elementor-element elementor-element-fe0502d elementor-widget-divider--view-line elementor-widget elementor-widget-divider\" data-id=\"fe0502d\" data-element_type=\"widget\" data-widget_type=\"divider.default\">\n\t\t\t\t\t\t\t<div class=\"elementor-divider\">\n\t\t\t<span class=\"elementor-divider-separator\">\n\t\t\t\t\t\t<\/span>\n\t\t<\/div>\n\t\t\t\t\t\t<\/div>\n\t\t\t\t\t<\/div>\n\t\t<\/div>\n\t\t\t\t\t<\/div>\n\t\t<\/div>\n\t\t\t\t<\/div>\n\t\t","protected":false},"excerpt":{"rendered":"<p>#TrainingFutureMasters FOOTBALL MAT ist eine innovative Trainingsmatte f\u00fcr die umfassende Entwicklung von Fu\u00dfballspielern und eine st\u00e4ndig wachsende Datenbank mit Trainingsvideos f\u00fcr Profis und Amateure, Kinder und Erwachsene! Fair Play ist ein Prinzip, das wir vom Spielfeld \u00fcbernommen haben. &#8211; Jeder unserer Kunden und Partner wird mit \u00e4u\u00dferster Sorgfalt und Engagement behandelt. Jeden Tag sorgt unser [&hellip;]<\/p>\n","protected":false},"author":749,"featured_media":0,"parent":0,"menu_order":0,"comment_status":"closed","ping_status":"closed","template":"elementor_header_footer","meta":{"_acf_changed":false,"footnotes":""},"class_list":["post-21849","page","type-page","status-publish","hentry"],"acf":[],"_links":{"self":[{"href":"https:\/\/oldfootballmat.szymonkrolikowski.pl\/de\/wp-json\/wp\/v2\/pages\/21849","targetHints":{"allow":["GET"]}}],"collection":[{"href":"https:\/\/oldfootballmat.szymonkrolikowski.pl\/de\/wp-json\/wp\/v2\/pages"}],"about":[{"href":"https:\/\/oldfootballmat.szymonkrolikowski.pl\/de\/wp-json\/wp\/v2\/types\/page"}],"author":[{"embeddable":true,"href":"https:\/\/oldfootballmat.szymonkrolikowski.pl\/de\/wp-json\/wp\/v2\/users\/749"}],"replies":[{"embeddable":true,"href":"https:\/\/oldfootballmat.szymonkrolikowski.pl\/de\/wp-json\/wp\/v2\/comments?post=21849"}],"version-history":[{"count":0,"href":"https:\/\/oldfootballmat.szymonkrolikowski.pl\/de\/wp-json\/wp\/v2\/pages\/21849\/revisions"}],"wp:attachment":[{"href":"https:\/\/oldfootballmat.szymonkrolikowski.pl\/de\/wp-json\/wp\/v2\/media?parent=21849"}],"curies":[{"name":"wp","href":"https:\/\/api.w.org\/{rel}","templated":true}]}}