{"id":21802,"date":"2023-04-27T10:19:41","date_gmt":"2023-04-27T08:19:41","guid":{"rendered":"https:\/\/football-mat.com\/datenschutzbestimmungen\/"},"modified":"2023-04-27T10:19:42","modified_gmt":"2023-04-27T08:19:42","slug":"datenschutzbestimmungen","status":"publish","type":"page","link":"https:\/\/oldfootballmat.szymonkrolikowski.pl\/de\/datenschutzbestimmungen\/","title":{"rendered":"Datenschutzbestimmungen"},"content":{"rendered":"\n<p class=\"has-text-align-center\"><strong>\u00a71. Verantwortlicher f\u00fcr personenbezogene Daten<\/strong><\/p>\n\n<ol class=\"wp-block-list\">\n<li>Der f\u00fcr die Verarbeitung personenbezogener Daten Verantwortliche im Sinne von Art. 4 Absatz 7 der Verordnung (EU) 2016\/679 des Europ\u00e4ischen Parlaments und des Rates vom &#8230; 27.04.2016 r. zum Schutz nat\u00fcrlicher Personen bei der Verarbeitung personenbezogener Daten, zum freien Datenverkehr und zur Aufhebung der Richtlinie 95\/46\/EG (RODO) ist Anetta Majchrzak, die unter dem Namen PROGRESS Sports &amp; Entertainment Anetta Majchrzak in der ul. Malinowa 40, 97-330 Barkowice, NIP: 7711264518, REGON: 590573730.<\/li>\n\n\n\n<li>E-Mail-Adresse des f\u00fcr die Verarbeitung Verantwortlichen: sklep@football-mat.com.<\/li>\n\n\n\n<li>Der Verwalter gem\u00e4\u00df Art. 32(2). 1 RODO beachtet den Grundsatz des Schutzes personenbezogener Daten und trifft geeignete technische und organisatorische Ma\u00dfnahmen, um die zuf\u00e4llige oder unrechtm\u00e4\u00dfige Zerst\u00f6rung, den Verlust, die Ver\u00e4nderung, die unbefugte Weitergabe oder den unbefugten Zugriff auf personenbezogene Daten zu verhindern, die im Rahmen seiner T\u00e4tigkeit verarbeitet werden.<\/li>\n\n\n\n<li>Die Bereitstellung personenbezogener Daten durch den Kunden ist freiwillig, aber notwendig, um einen Vertrag mit dem f\u00fcr die Datenverarbeitung Verantwortlichen abzuschlie\u00dfen.<\/li>\n\n\n\n<li>Der f\u00fcr die Verarbeitung Verantwortliche verarbeitet personenbezogene Daten in dem Umfang, der f\u00fcr die Erf\u00fcllung eines Vertrags oder die Erbringung von Dienstleistungen f\u00fcr die betroffene Person erforderlich ist.<\/li>\n<\/ol>\n\n<p class=\"has-text-align-center\"><strong>\u00a72. Zweck und Gr\u00fcnde f\u00fcr die Verarbeitung personenbezogener Daten<\/strong><\/p>\n\n<p>Der f\u00fcr die Verarbeitung Verantwortliche verarbeitet personenbezogene Daten f\u00fcr die folgenden Zwecke:<br\/>(a) die Erstellung eines kommerziellen Angebots als Reaktion auf das Interesse eines Kunden, was ein berechtigtes Interesse des f\u00fcr die Verarbeitung Verantwortlichen ist (Artikel 6 Absatz 1 Buchstabe f) RODO);<br\/>(b) den Abschluss und die Erf\u00fcllung von Kaufvertr\u00e4gen mit Kunden auf der Grundlage des geschlossenen Vertrags (Artikel 6 Absatz 1 Buchstabe b) RODO);<br\/>(c) die Erbringung von Dienstleistungen auf elektronischem Wege \u00fcber den Online-Shop auf der Grundlage des geschlossenen Vertrags (Artikel 6 Absatz 1 Buchstabe b) RODO);<br\/>d) die Abwicklung des Beschwerdeverfahrens auf der Grundlage einer Verpflichtung des f\u00fcr die Verarbeitung Verantwortlichen in Verbindung mit den geltenden Rechtsvorschriften (Artikel 6 Absatz 1 Buchstabe c DSGVO);<br\/>e) die Buchf\u00fchrung im Zusammenhang mit der Ausstellung und dem Erhalt von Rechnungsbelegen auf der Grundlage des Steuerrechts (Artikel 6 Absatz 1 Buchstabe c) des DSG);<br\/>f) Archivierung von Daten zur Feststellung, Untersuchung oder Abwehr von Anspr\u00fcchen oder zum Nachweis von Tatsachen, was ein berechtigtes Interesse des f\u00fcr die Verarbeitung Verantwortlichen ist (Artikel 6 Absatz 1 Buchstabe f) RODO);<br\/>(g) Kontaktaufnahme per Telefon oder E-Mail, insbesondere als Reaktion auf Anfragen an den f\u00fcr die Verarbeitung Verantwortlichen, was ein berechtigtes Interesse des f\u00fcr die Verarbeitung Verantwortlichen darstellt (Artikel 6 Absatz 1 Buchstabe f DSGVO);<br\/>h) um technische Informationen \u00fcber das Funktionieren des Online-Shops und die vom Kunden in Anspruch genommenen Dienstleistungen zu \u00fcbermitteln, was ein berechtigtes Interesse des f\u00fcr die Datenverarbeitung Verantwortlichen darstellt (Artikel 6 Absatz 1 Buchstabe f) DSGVO);<br\/>i) Marketing, das ein berechtigtes Interesse darstellt (Art. 6(1)(f) RODO) oder auf einer zuvor erteilten Einwilligung beruht (Art. 6(1)(a) RODO).<\/p>\n\n<p class=\"has-text-align-center\"><strong>\u00a73. Empf\u00e4nger der Daten. \u00dcbermittlung von Daten in Drittl\u00e4nder<\/strong><\/p>\n\n<ol class=\"wp-block-list\">\n<li>Bei den Empf\u00e4ngern der von dem f\u00fcr die Verarbeitung Verantwortlichen verarbeiteten personenbezogenen Daten kann es sich um Stellen handeln, die mit dem f\u00fcr die Verarbeitung Verantwortlichen zusammenarbeiten, wenn dies f\u00fcr die Erf\u00fcllung eines mit der betroffenen Person geschlossenen Vertrags erforderlich ist.<\/li>\n\n\n\n<li>Bei den Empf\u00e4ngern der von dem f\u00fcr die Verarbeitung Verantwortlichen verarbeiteten personenbezogenen Daten kann es sich auch um Unterauftragnehmer handeln, d. h. um Stellen, deren Dienste von dem f\u00fcr die Verarbeitung Verantwortlichen f\u00fcr die Datenverarbeitung in Anspruch genommen werden, z. B. Buchhaltungsb\u00fcros, Anwaltskanzleien, IT-Dienstleister (einschlie\u00dflich Hosting-Dienste).<\/li>\n\n\n\n<li>Der f\u00fcr die Verarbeitung Verantwortliche kann verpflichtet sein, personenbezogene Daten auf der Grundlage geltender Gesetze zur Verf\u00fcgung zu stellen, insbesondere befugten staatlichen Beh\u00f6rden oder Institutionen.<\/li>\n\n\n\n<li>Personenbezogene Daten im Zusammenhang mit der Nutzung von Tools zur Analyse und Verfolgung des Website-Verkehrs durch den Administrator k\u00f6nnen an eine Einrichtung mit Sitz au\u00dferhalb des Europ\u00e4ischen Wirtschaftsraums, wie z. B. Google LLC, \u00fcbermittelt werden. Als angemessene Datenschutzma\u00dfnahme hat der f\u00fcr die Verarbeitung Verantwortliche den Standardvertragsklauseln gem\u00e4\u00df Art. 46 RODO mit den Anbietern dieser Dienste. Weitere Informationen finden Sie hier: <a href=\"https:\/\/commission.europa.eu\/law\/law-topic\/data-protection_en\" target=\"_blank\" rel=\"noreferrer noopener\">https:\/\/commission.europa.eu\/law\/law-topic\/data-protection_en.<\/a><\/li>\n<\/ol>\n\n<p class=\"has-text-align-center\"><strong>\u00a74. Aufbewahrungsfrist f\u00fcr personenbezogene Daten<\/strong><\/p>\n\n<ol class=\"wp-block-list\">\n<li>Der f\u00fcr die Verarbeitung Verantwortliche bewahrt die personenbezogenen Daten w\u00e4hrend der Dauer des mit der betroffenen Person geschlossenen Vertrags und nach dessen Beendigung zum Zwecke der Geltendmachung von Anspr\u00fcchen im Zusammenhang mit dem Vertrag und zur Erf\u00fcllung der sich aus den geltenden Rechtsvorschriften ergebenden Verpflichtungen auf, jedoch h\u00f6chstens f\u00fcr die Dauer der Verj\u00e4hrungsfrist gem\u00e4\u00df den Bestimmungen des Zivilgesetzbuchs.<\/li>\n\n\n\n<li>Der f\u00fcr die Verarbeitung Verantwortliche bewahrt die in den Abrechnungsunterlagen enthaltenen personenbezogenen Daten w\u00e4hrend des in den Bestimmungen des Mehrwertsteuergesetzes und des Buchf\u00fchrungsgesetzes vorgesehenen Zeitraums auf.<\/li>\n\n\n\n<li>Der f\u00fcr die Verarbeitung Verantwortliche bewahrt personenbezogene Daten, die zu Marketingzwecken verarbeitet werden, f\u00fcr einen Zeitraum von 10 Jahren auf, jedoch nicht l\u00e4nger, als bis Sie Ihre Einwilligung zu der Verarbeitung widerrufen oder der Verarbeitung widersprechen.<\/li>\n\n\n\n<li>Der f\u00fcr die Verarbeitung Verantwortliche speichert personenbezogene Daten f\u00fcr andere als die in Absatz 1 genannten Zwecke. 1 bis 3 f\u00fcr einen Zeitraum von einem Jahr, es sei denn, die vorherige Einwilligung in die Verarbeitung wurde widerrufen und die Verarbeitung kann nicht auf einer anderen Grundlage als der Einwilligung der betroffenen Person fortgesetzt werden.<\/li>\n<\/ol>\n\n<p class=\"has-text-align-center\"><strong>\u00a75. Rechte der betroffenen Person<\/strong><\/p>\n\n<ol class=\"wp-block-list\">\n<li>Jede betroffene Person hat das Recht:<br\/>(a) Zugang &#8211; um von dem f\u00fcr die Verarbeitung Verantwortlichen eine Best\u00e4tigung dar\u00fcber zu erhalten, ob seine personenbezogenen Daten verarbeitet werden oder nicht. Werden Daten \u00fcber eine Person verarbeitet, so hat diese das Recht auf Auskunft \u00fcber die Zwecke der Verarbeitung, die Kategorien personenbezogener Daten, Informationen \u00fcber die Empf\u00e4nger oder Kategorien von Empf\u00e4ngern, an die die Daten weitergegeben wurden oder werden, die Dauer der Datenspeicherung oder die Kriterien f\u00fcr ihre Festlegung, das Recht der betroffenen Person, die Berichtigung, L\u00f6schung oder Einschr\u00e4nkung der Verarbeitung personenbezogener Daten zu verlangen und Widerspruch gegen diese Verarbeitung einzulegen (Artikel 15 DSGVO);<br\/>(b) eine Kopie der Daten zu erhalten &#8211; eine Kopie der Daten, die Gegenstand der Verarbeitung sind, zu erhalten, wobei die erste Kopie kostenlos ist und der f\u00fcr die Verarbeitung Verantwortliche f\u00fcr jede weitere Kopie eine angemessene Geb\u00fchr auf der Grundlage der Verwaltungskosten erheben kann (Artikel 15 Absatz 3 RODO);<br\/>(c) das Recht auf Berichtigung &#8211; die Berichtigung unrichtiger personenbezogener Daten oder die Vervollst\u00e4ndigung unvollst\u00e4ndiger Daten zu verlangen (Artikel 16 RODO);<br\/>(d) auf L\u00f6schung &#8211; die L\u00f6schung ihrer personenbezogenen Daten zu verlangen, wenn der f\u00fcr die Verarbeitung Verantwortliche keine Rechtsgrundlage mehr f\u00fcr die Verarbeitung hat oder die Daten f\u00fcr die Zwecke der Verarbeitung nicht mehr erforderlich sind (Artikel 17 RODO);<br\/>(e) Einschr\u00e4nkung der Verarbeitung &#8211; Beantragung der Einschr\u00e4nkung der Verarbeitung personenbezogener Daten (Artikel 18 RODO), wenn:<\/li>\n<\/ol>\n\n<ul class=\"wp-block-list\">\n<li>die betroffene Person die Richtigkeit der personenbezogenen Daten in Frage stellt, und zwar f\u00fcr einen Zeitraum, der es dem f\u00fcr die Verarbeitung Verantwortlichen erm\u00f6glicht, die Richtigkeit der Daten zu \u00fcberpr\u00fcfen,<\/li>\n\n\n\n<li>die Verarbeitung unrechtm\u00e4\u00dfig ist und die betroffene Person der L\u00f6schung widerspricht, indem sie eine Einschr\u00e4nkung der Nutzung beantragt,<\/li>\n\n\n\n<li>der f\u00fcr die Verarbeitung Verantwortliche die Daten nicht mehr ben\u00f6tigt, sie aber von der betroffenen Person zur Feststellung, Geltendmachung oder Verteidigung eines Anspruchs ben\u00f6tigt werden,<\/li>\n\n\n\n<li>die betroffene Person Widerspruch gegen die Verarbeitung eingelegt hat &#8211; bis festgestellt ist, ob die berechtigten Gr\u00fcnde des f\u00fcr die Verarbeitung Verantwortlichen die Gr\u00fcnde des Widerspruchs der betroffenen Person \u00fcberwiegen;<br\/>(f) das Recht auf Daten\u00fcbertragbarkeit &#8211; die sie betreffenden personenbezogenen Daten, die sie dem f\u00fcr die Verarbeitung Verantwortlichen zur Verf\u00fcgung gestellt hat, in einem strukturierten, g\u00e4ngigen und maschinenlesbaren Format zu erhalten und zu beantragen, dass diese Daten einem anderen f\u00fcr die Verarbeitung Verantwortlichen \u00fcbermittelt werden, sofern die Daten mit Einwilligung der betroffenen Person oder aufgrund eines Vertrags mit ihr verarbeitet werden und die Verarbeitung mit automatisierten Mitteln erfolgt (Artikel 20 RODO);<br\/>(g) Einspruch &#8211; Einspruch gegen die Verarbeitung seiner personenbezogenen Daten f\u00fcr die rechtm\u00e4\u00dfigen Zwecke des f\u00fcr die Verarbeitung Verantwortlichen aus Gr\u00fcnden, die sich aus seiner besonderen Situation ergeben, einschlie\u00dflich Profiling. Der f\u00fcr die Verarbeitung Verantwortliche pr\u00fcft dann, ob zwingende schutzw\u00fcrdige Gr\u00fcnde f\u00fcr die Verarbeitung vorliegen, die die Interessen, Rechte und Freiheiten der betroffenen Personen oder die Gr\u00fcnde f\u00fcr die Feststellung, Aus\u00fcbung oder Verteidigung von Anspr\u00fcchen \u00fcberwiegen. \u00dcberwiegen nach der Bewertung die Interessen der betroffenen Person die Interessen des f\u00fcr die Verarbeitung Verantwortlichen, so ist der f\u00fcr die Verarbeitung Verantwortliche verpflichtet, die Verarbeitung der Daten f\u00fcr diese Zwecke einzustellen (Artikel 21 DSGVO).<\/li>\n<\/ul>\n\n<ol class=\"wp-block-list\">\n<li>Um die oben genannten Rechte auszu\u00fcben, sollte sich die betroffene Person unter den angegebenen Kontaktdaten an den f\u00fcr die Verarbeitung Verantwortlichen wenden und ihm mitteilen, welches Recht und in welchem Umfang sie es aus\u00fcben m\u00f6chte.<\/li>\n\n\n\n<li>Die betroffene Person hat das Recht, eine Beschwerde bei der Aufsichtsbeh\u00f6rde, dem Pr\u00e4sidenten des Amtes f\u00fcr den Schutz personenbezogener Daten in Warschau, einzureichen.<\/li>\n<\/ol>\n\n<p class=\"has-text-align-center\"><strong>\u00a76. Profilierung<\/strong><\/p>\n\n<ol class=\"wp-block-list\">\n<li>Personenbezogene Daten, die der f\u00fcr die Verarbeitung Verantwortliche erhalten hat, k\u00f6nnen mit Hilfe automatisierter Verfahren &#8211; einschlie\u00dflich Profiling &#8211; verarbeitet werden. Das von dem f\u00fcr die Verarbeitung Verantwortlichen durchgef\u00fchrte Profiling personenbezogener Daten besteht in der Auswertung ausgew\u00e4hlter Informationen \u00fcber die betroffene Person zum Zwecke der Analyse und Vorhersage pers\u00f6nlicher Vorlieben und Interessen, insbesondere um der betroffenen Person ein personalisiertes Angebot unterbreiten zu k\u00f6nnen.<\/li>\n\n\n\n<li>Die automatisierte Verarbeitung von Daten durch den f\u00fcr die Verarbeitung Verantwortlichen hat keine rechtlichen Auswirkungen f\u00fcr die betroffene Person. Die betroffene Person kann jederzeit gegen die automatisierte Verarbeitung ihrer Daten Widerspruch einlegen.<\/li>\n<\/ol>\n\n<p class=\"has-text-align-center\"><strong>\u00a77. Google Analytics<\/strong><\/p>\n\n<ol class=\"wp-block-list\">\n<li>Der Administrator verwendet Google Analytics, einen Webanalysedienst der Google Inc. mit Sitz in den USA.<\/li>\n\n\n\n<li>Google Analytics verwendet Cookies, um Ihre Nutzung der Website zu analysieren. Die durch den Cookie erzeugten Informationen \u00fcber Ihre Benutzung dieser Website werden an einen Server von Google \u00fcbertragen und dort gespeichert. Im Auftrag des Administrators wird Google diese Informationen benutzen, um die Nutzung der Website durch die Nutzer auszuwerten, um Reports \u00fcber die Websiteaktivit\u00e4ten zusammenzustellen und um weitere mit der Websitenutzung und der Internetnutzung verbundene Dienstleistungen gegen\u00fcber dem Antragsteller zu erbringen.<\/li>\n\n\n\n<li>Die Daten werden nicht zur Identifizierung einer Person verwendet.<\/li>\n\n\n\n<li>Der Nutzer kann die Speicherung von Cookies durch eine entsprechende Einstellung seines Browsers verhindern; in diesem Fall kann der Nutzer jedoch nicht die volle Funktionalit\u00e4t der Website nutzen. Die Nutzer k\u00f6nnen dar\u00fcber hinaus die Erfassung der durch die Cookies erzeugten und auf ihre Nutzung der Website bezogenen Daten (inkl. ihrer IP-Adresse) an Google sowie die Verarbeitung dieser Daten durch Google verhindern, indem sie das unter dem folgenden Link verf\u00fcgbare Browser-Plugin herunterladen und installieren: <a href=\"https:\/\/tools.google.com\/dlpage\/gaoptout?hl=pl\" target=\"_blank\" rel=\"noreferrer noopener\">https:\/\/tools.google.com\/dlpage\/gaoptout?hl=pl.<\/a><\/li>\n\n\n\n<li>Der Nutzer kann der Erhebung und Verarbeitung von Daten im Zusammenhang mit der Nutzung der Google-Website jederzeit widersprechen, indem er ein Browser-Plugin herunterl\u00e4dt und installiert, das unter der folgenden Adresse verf\u00fcgbar ist: <a href=\"https:\/\/tools.google.com\/dlpage\/gaoptout?hl=en\" target=\"_blank\" rel=\"noreferrer noopener\">https:\/\/tools.google.com\/dlpage\/gaoptout?hl=en.<\/a><\/li>\n<\/ol>\n","protected":false},"excerpt":{"rendered":"<p>\u00a71. Verantwortlicher f\u00fcr personenbezogene Daten \u00a72. Zweck und Gr\u00fcnde f\u00fcr die Verarbeitung personenbezogener Daten Der f\u00fcr die Verarbeitung Verantwortliche verarbeitet personenbezogene Daten f\u00fcr die folgenden Zwecke:(a) die Erstellung eines kommerziellen Angebots als Reaktion auf das Interesse eines Kunden, was ein berechtigtes Interesse des f\u00fcr die Verarbeitung Verantwortlichen ist (Artikel 6 Absatz 1 Buchstabe f) RODO);(b) [&hellip;]<\/p>\n","protected":false},"author":749,"featured_media":0,"parent":0,"menu_order":0,"comment_status":"closed","ping_status":"closed","template":"","meta":{"_acf_changed":false,"footnotes":""},"class_list":["post-21802","page","type-page","status-publish","hentry"],"acf":[],"_links":{"self":[{"href":"https:\/\/oldfootballmat.szymonkrolikowski.pl\/de\/wp-json\/wp\/v2\/pages\/21802","targetHints":{"allow":["GET"]}}],"collection":[{"href":"https:\/\/oldfootballmat.szymonkrolikowski.pl\/de\/wp-json\/wp\/v2\/pages"}],"about":[{"href":"https:\/\/oldfootballmat.szymonkrolikowski.pl\/de\/wp-json\/wp\/v2\/types\/page"}],"author":[{"embeddable":true,"href":"https:\/\/oldfootballmat.szymonkrolikowski.pl\/de\/wp-json\/wp\/v2\/users\/749"}],"replies":[{"embeddable":true,"href":"https:\/\/oldfootballmat.szymonkrolikowski.pl\/de\/wp-json\/wp\/v2\/comments?post=21802"}],"version-history":[{"count":0,"href":"https:\/\/oldfootballmat.szymonkrolikowski.pl\/de\/wp-json\/wp\/v2\/pages\/21802\/revisions"}],"wp:attachment":[{"href":"https:\/\/oldfootballmat.szymonkrolikowski.pl\/de\/wp-json\/wp\/v2\/media?parent=21802"}],"curies":[{"name":"wp","href":"https:\/\/api.w.org\/{rel}","templated":true}]}}